{"id":12,"date":"2020-03-23T15:40:42","date_gmt":"2020-03-23T15:40:42","guid":{"rendered":"http:\/\/dev.lescontamines.org\/?page_id=12"},"modified":"2025-09-09T14:45:45","modified_gmt":"2025-09-09T13:45:45","slug":"contact","status":"publish","type":"page","link":"https:\/\/etape.lescontamines.org\/en\/contact\/","title":{"rendered":"Contact"},"content":{"rendered":"\n<h2 class=\"wp-block-heading\">Localisation<\/h2>\n\n\n\n<p>L\u2019H\u00f4tel Restaurant Bar l\u2019\u00c9tape est situ\u00e9 en altitude \u00e0 1470m, sur le plateau &#8220;des Tappes&#8221;<\/p>\n\n\n\n<iframe id=\"localisation\" scrolling=\"no\" marginheight=\"0\" marginwidth=\"0\" src=\"\/\/www.openstreetmap.org\/export\/embed.html?bbox=6.72000,45.80762,6.70584,45.80000&amp;layer=mapnik&amp;marker=  45.8033398,6.7134693\" style=\"border:1px solid #000;width:100%;height:500px\" frameborder=\"0\"><\/iframe>\n\n\n\n<h2 class=\"wp-block-heading\">Contacter nous par mail ou t\u00e9l\u00e9phone<\/h2>\n\n\n\n<p>Pour toute question&nbsp;:<\/p>\n\n\n\n<p>Vous pouvez nous \u00e9crire \u00e0 hotel@lescontamines.org<\/p>\n\n\n\n<p>Ou par t\u00e9l\u00e9phone au +33&nbsp;450472948 tous les jours de 14h30 \u00e0 16h00.<\/p>\n\n\n\n<h2 class=\"wp-block-heading\">Acc\u00e8s en hiver<\/h2>\n\n\n\n<p><strong>L\u2019acc\u00e8s se fait uniquement par la t\u00e9l\u00e9cabine de Montjoie :<\/strong><br>Vacances scolaires&nbsp;: de 8h50 \u00e0 16h00 + <strong>service de nuit uniquement le Lundi, Mercredi, Vendredi et le Samedi  de 18h30 \u00e0 18h50<\/strong><br>Hors vacances scolaires&nbsp;: de 8h50 \u00e0 16h00<\/p>\n\n\n\n<p>Check-in \u00e0 partir de midi  <br>Check-out 9h30<\/p>\n\n\n\n<a href=\"https:\/\/www.lescontamines.net\/webcam.html\" target=\"_blank\" rel=\"noopener noreferrer\"><img decoding=\"async\" src=\"https:\/\/www.lescontamines.net\/camera\/etape-lac.jpg?\" style=\"width:100%;border:1px solid #eee;\"><\/a>\n\n\n\n<h2 class=\"wp-block-heading\">Acc\u00e8s en \u00e9t\u00e9<\/h2>\n\n\n\n<p>Durant la saison estivale, vous pouvez y acc\u00e9der par la t\u00e9l\u00e9cabine de la Gorge ou en voiture avec une autorisation municipale (4&#215;4 recommand\u00e9).<\/p>\n\n\n\n<p>Horaires t\u00e9l\u00e9cabine :  8h45 \u00e0 17h30 &#8211; 7\/7<\/p>\n\n\n\n<p>Check-in \u00e0 partir de midi  <br>Check-out 9h30<\/p>\n\n\n\n<p><\/p>\n","protected":false},"excerpt":{"rendered":"<p>Localisation L\u2019H\u00f4tel Restaurant Bar l\u2019Etape is located at 1470m Winter you can access only by cable car. Winter schedule\u00a0School holidays\u00a0: From 8:50am to 4pm + night shift at 7pmOutside school holidays\u00a0: From 8:50am to 4pm Check-in\u00a0: From noonCheck-out\u00a0: 9:30am Summer During summer, you can access by cable car or by car (4&#215;4 recommended). Summer schedule\u00a0: &hellip; <\/p>\n<p class=\"link-more\"><a href=\"https:\/\/etape.lescontamines.org\/en\/contact\/\" class=\"more-link\">Continue reading<span class=\"screen-reader-text\"> &#8220;Contact&#8221;<\/span><\/a><\/p>\n","protected":false},"author":1,"featured_media":0,"parent":0,"menu_order":0,"comment_status":"closed","ping_status":"closed","template":"","meta":{"footnotes":""},"class_list":["post-12","page","type-page","status-publish","hentry"],"yoast_head":"<!-- This site is optimized with the Yoast SEO plugin v24.6 - https:\/\/yoast.com\/wordpress\/plugins\/seo\/ -->\n<title>Contact - L&#039;Etape chalet Hotel<\/title>\n<meta name=\"robots\" content=\"index, follow, max-snippet:-1, max-image-preview:large, max-video-preview:-1\" \/>\n<link rel=\"canonical\" href=\"https:\/\/etape.lescontamines.org\/contact\/\" \/>\n<meta property=\"og:locale\" content=\"en_GB\" \/>\n<meta property=\"og:type\" content=\"article\" \/>\n<meta property=\"og:title\" content=\"Contact - L&#039;Etape chalet Hotel\" \/>\n<meta property=\"og:description\" content=\"Localisation L\u2019H\u00f4tel Restaurant Bar l\u2019Etape is located at 1470m Winter you can access only by cable car. Winter schedule\u00a0School holidays\u00a0: From 8:50am to 4pm + night shift at 7pmOutside school holidays\u00a0: From 8:50am to 4pm Check-in\u00a0: From noonCheck-out\u00a0: 9:30am Summer During summer, you can access by cable car or by car (4&#215;4 recommended). Summer schedule\u00a0: &hellip; Continue reading &quot;Contact&quot;\" \/>\n<meta property=\"og:url\" content=\"https:\/\/etape.lescontamines.org\/contact\/\" \/>\n<meta property=\"og:site_name\" content=\"L&#039;Etape chalet Hotel\" \/>\n<meta property=\"article:publisher\" content=\"https:\/\/www.facebook.com\/ChaletEtape\/\" \/>\n<meta property=\"article:modified_time\" content=\"2025-09-09T13:45:45+00:00\" \/>\n<meta property=\"og:image\" content=\"https:\/\/www.lescontamines.net\/camera\/etape-lac.jpg?\" \/>\n<meta name=\"twitter:card\" content=\"summary_large_image\" \/>\n<meta name=\"twitter:label1\" content=\"Est. reading time\" \/>\n\t<meta name=\"twitter:data1\" content=\"1 minute\" \/>\n<script type=\"application\/ld+json\" class=\"yoast-schema-graph\">{\"@context\":\"https:\/\/schema.org\",\"@graph\":[{\"@type\":\"WebPage\",\"@id\":\"https:\/\/etape.lescontamines.org\/contact\/\",\"url\":\"https:\/\/etape.lescontamines.org\/contact\/\",\"name\":\"Contact - L'Etape chalet Hotel\",\"isPartOf\":{\"@id\":\"https:\/\/etape.lescontamines.org\/#website\"},\"primaryImageOfPage\":{\"@id\":\"https:\/\/etape.lescontamines.org\/contact\/#primaryimage\"},\"image\":{\"@id\":\"https:\/\/etape.lescontamines.org\/contact\/#primaryimage\"},\"thumbnailUrl\":\"https:\/\/www.lescontamines.net\/camera\/etape-lac.jpg?\",\"datePublished\":\"2020-03-23T15:40:42+00:00\",\"dateModified\":\"2025-09-09T13:45:45+00:00\",\"breadcrumb\":{\"@id\":\"https:\/\/etape.lescontamines.org\/contact\/#breadcrumb\"},\"inLanguage\":\"en-GB\",\"potentialAction\":[{\"@type\":\"ReadAction\",\"target\":[\"https:\/\/etape.lescontamines.org\/contact\/\"]}]},{\"@type\":\"ImageObject\",\"inLanguage\":\"en-GB\",\"@id\":\"https:\/\/etape.lescontamines.org\/contact\/#primaryimage\",\"url\":\"https:\/\/www.lescontamines.net\/camera\/etape-lac.jpg?\",\"contentUrl\":\"https:\/\/www.lescontamines.net\/camera\/etape-lac.jpg?\"},{\"@type\":\"BreadcrumbList\",\"@id\":\"https:\/\/etape.lescontamines.org\/contact\/#breadcrumb\",\"itemListElement\":[{\"@type\":\"ListItem\",\"position\":1,\"name\":\"Accueil\",\"item\":\"https:\/\/etape.lescontamines.org\/\"},{\"@type\":\"ListItem\",\"position\":2,\"name\":\"Contact\"}]},{\"@type\":\"WebSite\",\"@id\":\"https:\/\/etape.lescontamines.org\/#website\",\"url\":\"https:\/\/etape.lescontamines.org\/\",\"name\":\"L'Etape chalet Hotel\",\"description\":\"Les Contamines-Montjoie ski resort\",\"publisher\":{\"@id\":\"https:\/\/etape.lescontamines.org\/#organization\"},\"potentialAction\":[{\"@type\":\"SearchAction\",\"target\":{\"@type\":\"EntryPoint\",\"urlTemplate\":\"https:\/\/etape.lescontamines.org\/?s={search_term_string}\"},\"query-input\":{\"@type\":\"PropertyValueSpecification\",\"valueRequired\":true,\"valueName\":\"search_term_string\"}}],\"inLanguage\":\"en-GB\"},{\"@type\":\"Organization\",\"@id\":\"https:\/\/etape.lescontamines.org\/#organization\",\"name\":\"L'Etape chalet Hotel\",\"url\":\"https:\/\/etape.lescontamines.org\/\",\"logo\":{\"@type\":\"ImageObject\",\"inLanguage\":\"en-GB\",\"@id\":\"https:\/\/etape.lescontamines.org\/#\/schema\/logo\/image\/\",\"url\":\"https:\/\/etape.lescontamines.org\/wp-content\/uploads\/2020\/03\/cropped-L-Etape-logo-small.png\",\"contentUrl\":\"https:\/\/etape.lescontamines.org\/wp-content\/uploads\/2020\/03\/cropped-L-Etape-logo-small.png\",\"width\":566,\"height\":250,\"caption\":\"L'Etape chalet Hotel\"},\"image\":{\"@id\":\"https:\/\/etape.lescontamines.org\/#\/schema\/logo\/image\/\"},\"sameAs\":[\"https:\/\/www.facebook.com\/ChaletEtape\/\"]}]}<\/script>\n<!-- \/ Yoast SEO plugin. -->","yoast_head_json":{"title":"Contact - L'Etape chalet Hotel","robots":{"index":"index","follow":"follow","max-snippet":"max-snippet:-1","max-image-preview":"max-image-preview:large","max-video-preview":"max-video-preview:-1"},"canonical":"https:\/\/etape.lescontamines.org\/contact\/","og_locale":"en_GB","og_type":"article","og_title":"Contact - L'Etape chalet Hotel","og_description":"Localisation L\u2019H\u00f4tel Restaurant Bar l\u2019Etape is located at 1470m Winter you can access only by cable car. Winter schedule\u00a0School holidays\u00a0: From 8:50am to 4pm + night shift at 7pmOutside school holidays\u00a0: From 8:50am to 4pm Check-in\u00a0: From noonCheck-out\u00a0: 9:30am Summer During summer, you can access by cable car or by car (4&#215;4 recommended). Summer schedule\u00a0: &hellip; Continue reading \"Contact\"","og_url":"https:\/\/etape.lescontamines.org\/contact\/","og_site_name":"L'Etape chalet Hotel","article_publisher":"https:\/\/www.facebook.com\/ChaletEtape\/","article_modified_time":"2025-09-09T13:45:45+00:00","og_image":[{"url":"https:\/\/www.lescontamines.net\/camera\/etape-lac.jpg?","type":"","width":"","height":""}],"twitter_card":"summary_large_image","twitter_misc":{"Est. reading time":"1 minute"},"schema":{"@context":"https:\/\/schema.org","@graph":[{"@type":"WebPage","@id":"https:\/\/etape.lescontamines.org\/contact\/","url":"https:\/\/etape.lescontamines.org\/contact\/","name":"Contact - L'Etape chalet Hotel","isPartOf":{"@id":"https:\/\/etape.lescontamines.org\/#website"},"primaryImageOfPage":{"@id":"https:\/\/etape.lescontamines.org\/contact\/#primaryimage"},"image":{"@id":"https:\/\/etape.lescontamines.org\/contact\/#primaryimage"},"thumbnailUrl":"https:\/\/www.lescontamines.net\/camera\/etape-lac.jpg?","datePublished":"2020-03-23T15:40:42+00:00","dateModified":"2025-09-09T13:45:45+00:00","breadcrumb":{"@id":"https:\/\/etape.lescontamines.org\/contact\/#breadcrumb"},"inLanguage":"en-GB","potentialAction":[{"@type":"ReadAction","target":["https:\/\/etape.lescontamines.org\/contact\/"]}]},{"@type":"ImageObject","inLanguage":"en-GB","@id":"https:\/\/etape.lescontamines.org\/contact\/#primaryimage","url":"https:\/\/www.lescontamines.net\/camera\/etape-lac.jpg?","contentUrl":"https:\/\/www.lescontamines.net\/camera\/etape-lac.jpg?"},{"@type":"BreadcrumbList","@id":"https:\/\/etape.lescontamines.org\/contact\/#breadcrumb","itemListElement":[{"@type":"ListItem","position":1,"name":"Accueil","item":"https:\/\/etape.lescontamines.org\/"},{"@type":"ListItem","position":2,"name":"Contact"}]},{"@type":"WebSite","@id":"https:\/\/etape.lescontamines.org\/#website","url":"https:\/\/etape.lescontamines.org\/","name":"L'Etape chalet Hotel","description":"Les Contamines-Montjoie ski resort","publisher":{"@id":"https:\/\/etape.lescontamines.org\/#organization"},"potentialAction":[{"@type":"SearchAction","target":{"@type":"EntryPoint","urlTemplate":"https:\/\/etape.lescontamines.org\/?s={search_term_string}"},"query-input":{"@type":"PropertyValueSpecification","valueRequired":true,"valueName":"search_term_string"}}],"inLanguage":"en-GB"},{"@type":"Organization","@id":"https:\/\/etape.lescontamines.org\/#organization","name":"L'Etape chalet Hotel","url":"https:\/\/etape.lescontamines.org\/","logo":{"@type":"ImageObject","inLanguage":"en-GB","@id":"https:\/\/etape.lescontamines.org\/#\/schema\/logo\/image\/","url":"https:\/\/etape.lescontamines.org\/wp-content\/uploads\/2020\/03\/cropped-L-Etape-logo-small.png","contentUrl":"https:\/\/etape.lescontamines.org\/wp-content\/uploads\/2020\/03\/cropped-L-Etape-logo-small.png","width":566,"height":250,"caption":"L'Etape chalet Hotel"},"image":{"@id":"https:\/\/etape.lescontamines.org\/#\/schema\/logo\/image\/"},"sameAs":["https:\/\/www.facebook.com\/ChaletEtape\/"]}]}},"_links":{"self":[{"href":"https:\/\/etape.lescontamines.org\/en\/wp-json\/wp\/v2\/pages\/12","targetHints":{"allow":["GET"]}}],"collection":[{"href":"https:\/\/etape.lescontamines.org\/en\/wp-json\/wp\/v2\/pages"}],"about":[{"href":"https:\/\/etape.lescontamines.org\/en\/wp-json\/wp\/v2\/types\/page"}],"author":[{"embeddable":true,"href":"https:\/\/etape.lescontamines.org\/en\/wp-json\/wp\/v2\/users\/1"}],"replies":[{"embeddable":true,"href":"https:\/\/etape.lescontamines.org\/en\/wp-json\/wp\/v2\/comments?post=12"}],"version-history":[{"count":33,"href":"https:\/\/etape.lescontamines.org\/en\/wp-json\/wp\/v2\/pages\/12\/revisions"}],"predecessor-version":[{"id":948,"href":"https:\/\/etape.lescontamines.org\/en\/wp-json\/wp\/v2\/pages\/12\/revisions\/948"}],"wp:attachment":[{"href":"https:\/\/etape.lescontamines.org\/en\/wp-json\/wp\/v2\/media?parent=12"}],"curies":[{"name":"wp","href":"https:\/\/api.w.org\/{rel}","templated":true}]}}