{"id":166,"date":"2020-03-24T20:45:04","date_gmt":"2020-03-24T19:45:04","guid":{"rendered":"http:\/\/dev.lescontamines.org\/?page_id=166"},"modified":"2021-06-21T13:01:37","modified_gmt":"2021-06-21T12:01:37","slug":"restaurant","status":"publish","type":"page","link":"https:\/\/etape.lescontamines.org\/en\/restaurant\/","title":{"rendered":"Restaurant"},"content":{"rendered":"\n<div class=\"wp-block-buttons is-layout-flex wp-block-buttons-is-layout-flex\">\n<div class=\"wp-block-button\"><a class=\"wp-block-button__link\" href=\"http:\/\/menu.lescontamines.org\/menu_etape.pdf\" target=\"_blank\" rel=\"noreferrer noopener\">T\u00e9l\u00e9chargez le menu de l&#8217;\u00c9tape<\/a><\/div>\n<\/div>\n\n\n\n<h2 class=\"wp-block-heading\">\u00c9t\u00e9<\/h2>\n\n\n\n<p>D\u00e9couvrez une cuisine r\u00e9gionale avec un choix de menu du jour et \u00e0 la carte, glacier et bar, le tout sur une jolie terrasse en bordure du lac<\/p>\n\n\n\n<figure class=\"wp-block-image size-large\"><img loading=\"lazy\" decoding=\"async\" width=\"1024\" height=\"681\" src=\"http:\/\/dev.lescontamines.org\/wp-content\/uploads\/2020\/03\/resto-1-1024x681.jpg\" alt=\"\" class=\"wp-image-164\" srcset=\"https:\/\/etape.lescontamines.org\/wp-content\/uploads\/2020\/03\/resto-1-1024x681.jpg 1024w, https:\/\/etape.lescontamines.org\/wp-content\/uploads\/2020\/03\/resto-1-300x200.jpg 300w, https:\/\/etape.lescontamines.org\/wp-content\/uploads\/2020\/03\/resto-1-768x511.jpg 768w, https:\/\/etape.lescontamines.org\/wp-content\/uploads\/2020\/03\/resto-1.jpg 1500w\" sizes=\"auto, (max-width: 767px) 89vw, (max-width: 1000px) 54vw, (max-width: 1071px) 543px, 580px\" \/><\/figure>\n\n\n\n<h2 class=\"wp-block-heading\">Hiver<\/h2>\n\n\n\n<p>Restaurez-vous en mode self avec un choix de plats et menu du jour et profitez de l\u2019Happy Hour  \u00e0 la fin de votre journ\u00e9e de ski&nbsp;!<\/p>\n\n\n\n<figure class=\"wp-block-image size-large\"><img loading=\"lazy\" decoding=\"async\" width=\"1024\" height=\"631\" src=\"http:\/\/dev.lescontamines.org\/wp-content\/uploads\/2020\/03\/resto-2-1024x631.jpg\" alt=\"\" class=\"wp-image-165\" srcset=\"https:\/\/etape.lescontamines.org\/wp-content\/uploads\/2020\/03\/resto-2-1024x631.jpg 1024w, https:\/\/etape.lescontamines.org\/wp-content\/uploads\/2020\/03\/resto-2-300x185.jpg 300w, https:\/\/etape.lescontamines.org\/wp-content\/uploads\/2020\/03\/resto-2-768x474.jpg 768w, https:\/\/etape.lescontamines.org\/wp-content\/uploads\/2020\/03\/resto-2.jpg 1500w\" sizes=\"auto, (max-width: 767px) 89vw, (max-width: 1000px) 54vw, (max-width: 1071px) 543px, 580px\" \/><\/figure>\n\n\n\n<div style=\"height:100px\" aria-hidden=\"true\" class=\"wp-block-spacer\"><\/div>\n\n\n\n<h2 class=\"wp-block-heading\">S\u00e9jour \u00e0 l&#8217;h\u00f4tel<\/h2>\n\n\n\n<p>Si vous s\u00e9journez \u00e0 l\u2019Etape : <\/p>\n\n\n\n<p><strong>Formule demi-pension&nbsp;: <\/strong><br>Petit d\u00e9jeuner +  D\u00eener&nbsp;: Entr\u00e9e, plat et dessert (boissons non incluses)<\/p>\n\n\n\n<p>3 <strong>sp\u00e9cialit\u00e9s savoyardes <\/strong>sont incluses durant le s\u00e9jour (cro\u00fbte savoyarde, tartiflette et raclette)<\/p>\n\n\n\n<p><\/p>\n","protected":false},"excerpt":{"rendered":"<p>Summer Enjoy a regional cooking with a menu or \u00ab&nbsp;\u00e0 la carte&nbsp;\u00bb, ice cream parlour and bar, while eating enjoy a stunning view on the lake and mountains. Winter Eat in self-service mode with a choice of dishes and menu of the day and enjoy Happy Hour at the end of your skiing day&nbsp;! If &hellip; <\/p>\n<p class=\"link-more\"><a href=\"https:\/\/etape.lescontamines.org\/en\/restaurant\/\" class=\"more-link\">Continue reading<span class=\"screen-reader-text\"> &#8220;Restaurant&#8221;<\/span><\/a><\/p>\n","protected":false},"author":1,"featured_media":0,"parent":0,"menu_order":0,"comment_status":"closed","ping_status":"closed","template":"","meta":{"footnotes":""},"class_list":["post-166","page","type-page","status-publish","hentry"],"yoast_head":"<!-- This site is optimized with the Yoast SEO plugin v24.6 - https:\/\/yoast.com\/wordpress\/plugins\/seo\/ -->\n<title>Restaurant - L&#039;Etape chalet Hotel<\/title>\n<meta name=\"robots\" content=\"index, follow, max-snippet:-1, max-image-preview:large, max-video-preview:-1\" \/>\n<link rel=\"canonical\" href=\"https:\/\/etape.lescontamines.org\/restaurant\/\" \/>\n<meta property=\"og:locale\" content=\"en_GB\" \/>\n<meta property=\"og:type\" content=\"article\" \/>\n<meta property=\"og:title\" content=\"Restaurant - L&#039;Etape chalet Hotel\" \/>\n<meta property=\"og:description\" content=\"Summer Enjoy a regional cooking with a menu or \u00ab&nbsp;\u00e0 la carte&nbsp;\u00bb, ice cream parlour and bar, while eating enjoy a stunning view on the lake and mountains. Winter Eat in self-service mode with a choice of dishes and menu of the day and enjoy Happy Hour at the end of your skiing day&nbsp;! If &hellip; Continue reading &quot;Restaurant&quot;\" \/>\n<meta property=\"og:url\" content=\"https:\/\/etape.lescontamines.org\/restaurant\/\" \/>\n<meta property=\"og:site_name\" content=\"L&#039;Etape chalet Hotel\" \/>\n<meta property=\"article:publisher\" content=\"https:\/\/www.facebook.com\/ChaletEtape\/\" \/>\n<meta property=\"article:modified_time\" content=\"2021-06-21T12:01:37+00:00\" \/>\n<meta property=\"og:image\" content=\"http:\/\/dev.lescontamines.org\/wp-content\/uploads\/2020\/03\/resto-1-1024x681.jpg\" \/>\n<meta name=\"twitter:card\" content=\"summary_large_image\" \/>\n<meta name=\"twitter:label1\" content=\"Est. reading time\" \/>\n\t<meta name=\"twitter:data1\" content=\"1 minute\" \/>\n<script type=\"application\/ld+json\" class=\"yoast-schema-graph\">{\"@context\":\"https:\/\/schema.org\",\"@graph\":[{\"@type\":\"WebPage\",\"@id\":\"https:\/\/etape.lescontamines.org\/restaurant\/\",\"url\":\"https:\/\/etape.lescontamines.org\/restaurant\/\",\"name\":\"Restaurant - L'Etape chalet Hotel\",\"isPartOf\":{\"@id\":\"https:\/\/etape.lescontamines.org\/#website\"},\"primaryImageOfPage\":{\"@id\":\"https:\/\/etape.lescontamines.org\/restaurant\/#primaryimage\"},\"image\":{\"@id\":\"https:\/\/etape.lescontamines.org\/restaurant\/#primaryimage\"},\"thumbnailUrl\":\"http:\/\/dev.lescontamines.org\/wp-content\/uploads\/2020\/03\/resto-1-1024x681.jpg\",\"datePublished\":\"2020-03-24T19:45:04+00:00\",\"dateModified\":\"2021-06-21T12:01:37+00:00\",\"breadcrumb\":{\"@id\":\"https:\/\/etape.lescontamines.org\/restaurant\/#breadcrumb\"},\"inLanguage\":\"en-GB\",\"potentialAction\":[{\"@type\":\"ReadAction\",\"target\":[\"https:\/\/etape.lescontamines.org\/restaurant\/\"]}]},{\"@type\":\"ImageObject\",\"inLanguage\":\"en-GB\",\"@id\":\"https:\/\/etape.lescontamines.org\/restaurant\/#primaryimage\",\"url\":\"http:\/\/dev.lescontamines.org\/wp-content\/uploads\/2020\/03\/resto-1-1024x681.jpg\",\"contentUrl\":\"http:\/\/dev.lescontamines.org\/wp-content\/uploads\/2020\/03\/resto-1-1024x681.jpg\"},{\"@type\":\"BreadcrumbList\",\"@id\":\"https:\/\/etape.lescontamines.org\/restaurant\/#breadcrumb\",\"itemListElement\":[{\"@type\":\"ListItem\",\"position\":1,\"name\":\"Accueil\",\"item\":\"https:\/\/etape.lescontamines.org\/\"},{\"@type\":\"ListItem\",\"position\":2,\"name\":\"Restaurant\"}]},{\"@type\":\"WebSite\",\"@id\":\"https:\/\/etape.lescontamines.org\/#website\",\"url\":\"https:\/\/etape.lescontamines.org\/\",\"name\":\"L'Etape chalet Hotel\",\"description\":\"Les Contamines-Montjoie ski resort\",\"publisher\":{\"@id\":\"https:\/\/etape.lescontamines.org\/#organization\"},\"potentialAction\":[{\"@type\":\"SearchAction\",\"target\":{\"@type\":\"EntryPoint\",\"urlTemplate\":\"https:\/\/etape.lescontamines.org\/?s={search_term_string}\"},\"query-input\":{\"@type\":\"PropertyValueSpecification\",\"valueRequired\":true,\"valueName\":\"search_term_string\"}}],\"inLanguage\":\"en-GB\"},{\"@type\":\"Organization\",\"@id\":\"https:\/\/etape.lescontamines.org\/#organization\",\"name\":\"L'Etape chalet Hotel\",\"url\":\"https:\/\/etape.lescontamines.org\/\",\"logo\":{\"@type\":\"ImageObject\",\"inLanguage\":\"en-GB\",\"@id\":\"https:\/\/etape.lescontamines.org\/#\/schema\/logo\/image\/\",\"url\":\"https:\/\/etape.lescontamines.org\/wp-content\/uploads\/2020\/03\/cropped-L-Etape-logo-small.png\",\"contentUrl\":\"https:\/\/etape.lescontamines.org\/wp-content\/uploads\/2020\/03\/cropped-L-Etape-logo-small.png\",\"width\":566,\"height\":250,\"caption\":\"L'Etape chalet Hotel\"},\"image\":{\"@id\":\"https:\/\/etape.lescontamines.org\/#\/schema\/logo\/image\/\"},\"sameAs\":[\"https:\/\/www.facebook.com\/ChaletEtape\/\"]}]}<\/script>\n<!-- \/ Yoast SEO plugin. -->","yoast_head_json":{"title":"Restaurant - L'Etape chalet Hotel","robots":{"index":"index","follow":"follow","max-snippet":"max-snippet:-1","max-image-preview":"max-image-preview:large","max-video-preview":"max-video-preview:-1"},"canonical":"https:\/\/etape.lescontamines.org\/restaurant\/","og_locale":"en_GB","og_type":"article","og_title":"Restaurant - L'Etape chalet Hotel","og_description":"Summer Enjoy a regional cooking with a menu or \u00ab&nbsp;\u00e0 la carte&nbsp;\u00bb, ice cream parlour and bar, while eating enjoy a stunning view on the lake and mountains. Winter Eat in self-service mode with a choice of dishes and menu of the day and enjoy Happy Hour at the end of your skiing day&nbsp;! If &hellip; Continue reading \"Restaurant\"","og_url":"https:\/\/etape.lescontamines.org\/restaurant\/","og_site_name":"L'Etape chalet Hotel","article_publisher":"https:\/\/www.facebook.com\/ChaletEtape\/","article_modified_time":"2021-06-21T12:01:37+00:00","og_image":[{"url":"http:\/\/dev.lescontamines.org\/wp-content\/uploads\/2020\/03\/resto-1-1024x681.jpg","type":"","width":"","height":""}],"twitter_card":"summary_large_image","twitter_misc":{"Est. reading time":"1 minute"},"schema":{"@context":"https:\/\/schema.org","@graph":[{"@type":"WebPage","@id":"https:\/\/etape.lescontamines.org\/restaurant\/","url":"https:\/\/etape.lescontamines.org\/restaurant\/","name":"Restaurant - L'Etape chalet Hotel","isPartOf":{"@id":"https:\/\/etape.lescontamines.org\/#website"},"primaryImageOfPage":{"@id":"https:\/\/etape.lescontamines.org\/restaurant\/#primaryimage"},"image":{"@id":"https:\/\/etape.lescontamines.org\/restaurant\/#primaryimage"},"thumbnailUrl":"http:\/\/dev.lescontamines.org\/wp-content\/uploads\/2020\/03\/resto-1-1024x681.jpg","datePublished":"2020-03-24T19:45:04+00:00","dateModified":"2021-06-21T12:01:37+00:00","breadcrumb":{"@id":"https:\/\/etape.lescontamines.org\/restaurant\/#breadcrumb"},"inLanguage":"en-GB","potentialAction":[{"@type":"ReadAction","target":["https:\/\/etape.lescontamines.org\/restaurant\/"]}]},{"@type":"ImageObject","inLanguage":"en-GB","@id":"https:\/\/etape.lescontamines.org\/restaurant\/#primaryimage","url":"http:\/\/dev.lescontamines.org\/wp-content\/uploads\/2020\/03\/resto-1-1024x681.jpg","contentUrl":"http:\/\/dev.lescontamines.org\/wp-content\/uploads\/2020\/03\/resto-1-1024x681.jpg"},{"@type":"BreadcrumbList","@id":"https:\/\/etape.lescontamines.org\/restaurant\/#breadcrumb","itemListElement":[{"@type":"ListItem","position":1,"name":"Accueil","item":"https:\/\/etape.lescontamines.org\/"},{"@type":"ListItem","position":2,"name":"Restaurant"}]},{"@type":"WebSite","@id":"https:\/\/etape.lescontamines.org\/#website","url":"https:\/\/etape.lescontamines.org\/","name":"L'Etape chalet Hotel","description":"Les Contamines-Montjoie ski resort","publisher":{"@id":"https:\/\/etape.lescontamines.org\/#organization"},"potentialAction":[{"@type":"SearchAction","target":{"@type":"EntryPoint","urlTemplate":"https:\/\/etape.lescontamines.org\/?s={search_term_string}"},"query-input":{"@type":"PropertyValueSpecification","valueRequired":true,"valueName":"search_term_string"}}],"inLanguage":"en-GB"},{"@type":"Organization","@id":"https:\/\/etape.lescontamines.org\/#organization","name":"L'Etape chalet Hotel","url":"https:\/\/etape.lescontamines.org\/","logo":{"@type":"ImageObject","inLanguage":"en-GB","@id":"https:\/\/etape.lescontamines.org\/#\/schema\/logo\/image\/","url":"https:\/\/etape.lescontamines.org\/wp-content\/uploads\/2020\/03\/cropped-L-Etape-logo-small.png","contentUrl":"https:\/\/etape.lescontamines.org\/wp-content\/uploads\/2020\/03\/cropped-L-Etape-logo-small.png","width":566,"height":250,"caption":"L'Etape chalet Hotel"},"image":{"@id":"https:\/\/etape.lescontamines.org\/#\/schema\/logo\/image\/"},"sameAs":["https:\/\/www.facebook.com\/ChaletEtape\/"]}]}},"_links":{"self":[{"href":"https:\/\/etape.lescontamines.org\/en\/wp-json\/wp\/v2\/pages\/166","targetHints":{"allow":["GET"]}}],"collection":[{"href":"https:\/\/etape.lescontamines.org\/en\/wp-json\/wp\/v2\/pages"}],"about":[{"href":"https:\/\/etape.lescontamines.org\/en\/wp-json\/wp\/v2\/types\/page"}],"author":[{"embeddable":true,"href":"https:\/\/etape.lescontamines.org\/en\/wp-json\/wp\/v2\/users\/1"}],"replies":[{"embeddable":true,"href":"https:\/\/etape.lescontamines.org\/en\/wp-json\/wp\/v2\/comments?post=166"}],"version-history":[{"count":8,"href":"https:\/\/etape.lescontamines.org\/en\/wp-json\/wp\/v2\/pages\/166\/revisions"}],"predecessor-version":[{"id":542,"href":"https:\/\/etape.lescontamines.org\/en\/wp-json\/wp\/v2\/pages\/166\/revisions\/542"}],"wp:attachment":[{"href":"https:\/\/etape.lescontamines.org\/en\/wp-json\/wp\/v2\/media?parent=166"}],"curies":[{"name":"wp","href":"https:\/\/api.w.org\/{rel}","templated":true}]}}