{"id":276,"date":"2020-03-25T19:14:19","date_gmt":"2020-03-25T18:14:19","guid":{"rendered":"http:\/\/dev.lescontamines.org\/?page_id=276"},"modified":"2022-09-15T14:56:46","modified_gmt":"2022-09-15T13:56:46","slug":"services","status":"publish","type":"page","link":"https:\/\/etape.lescontamines.org\/en\/services\/","title":{"rendered":"Services"},"content":{"rendered":"\n<h2 class=\"wp-block-heading\">Confort famille<\/h2>\n\n\n\n<ul class=\"wp-block-list\"><li>Lit b\u00e9b\u00e9 <\/li><li>Chaise b\u00e9b\u00e9 <\/li><li>Aire de jeux pour enfants          <\/li><\/ul>\n\n\n\n<figure class=\"wp-block-gallery has-nested-images columns-default is-cropped wp-block-gallery-1 is-layout-flex wp-block-gallery-is-layout-flex\">\n<figure class=\"wp-block-image size-large\"><a href=\"https:\/\/etape.lescontamines.org\/wp-content\/uploads\/2020\/03\/lac-1.jpg\"><img loading=\"lazy\" decoding=\"async\" width=\"1024\" height=\"683\" data-id=\"281\" src=\"http:\/\/dev.lescontamines.org\/wp-content\/uploads\/2020\/03\/lac-1-1024x683.jpg\" alt=\"\" class=\"wp-image-281\" srcset=\"https:\/\/etape.lescontamines.org\/wp-content\/uploads\/2020\/03\/lac-1-1024x683.jpg 1024w, https:\/\/etape.lescontamines.org\/wp-content\/uploads\/2020\/03\/lac-1-300x200.jpg 300w, https:\/\/etape.lescontamines.org\/wp-content\/uploads\/2020\/03\/lac-1-768x513.jpg 768w, https:\/\/etape.lescontamines.org\/wp-content\/uploads\/2020\/03\/lac-1.jpg 1500w\" sizes=\"auto, (max-width: 767px) 89vw, (max-width: 1000px) 54vw, (max-width: 1071px) 543px, 580px\" \/><\/a><figcaption>Brassalos<\/figcaption><\/figure>\n\n\n\n<figure class=\"wp-block-image size-large\"><a href=\"https:\/\/etape.lescontamines.org\/wp-content\/uploads\/2020\/03\/lac-3.jpg\"><img loading=\"lazy\" decoding=\"async\" width=\"1024\" height=\"681\" data-id=\"283\" src=\"http:\/\/dev.lescontamines.org\/wp-content\/uploads\/2020\/03\/lac-3-1024x681.jpg\" alt=\"\" class=\"wp-image-283\" srcset=\"https:\/\/etape.lescontamines.org\/wp-content\/uploads\/2020\/03\/lac-3-1024x681.jpg 1024w, https:\/\/etape.lescontamines.org\/wp-content\/uploads\/2020\/03\/lac-3-300x200.jpg 300w, https:\/\/etape.lescontamines.org\/wp-content\/uploads\/2020\/03\/lac-3-768x511.jpg 768w, https:\/\/etape.lescontamines.org\/wp-content\/uploads\/2020\/03\/lac-3.jpg 1500w\" sizes=\"auto, (max-width: 767px) 89vw, (max-width: 1000px) 54vw, (max-width: 1071px) 543px, 580px\" \/><\/a><figcaption>Plage<\/figcaption><\/figure>\n\n\n\n<figure class=\"wp-block-image size-large\"><a href=\"https:\/\/etape.lescontamines.org\/wp-content\/uploads\/2020\/03\/lac-2.jpg\"><img loading=\"lazy\" decoding=\"async\" width=\"683\" height=\"1024\" data-id=\"282\" src=\"http:\/\/dev.lescontamines.org\/wp-content\/uploads\/2020\/03\/lac-2-683x1024.jpg\" alt=\"\" class=\"wp-image-282\" srcset=\"https:\/\/etape.lescontamines.org\/wp-content\/uploads\/2020\/03\/lac-2-683x1024.jpg 683w, https:\/\/etape.lescontamines.org\/wp-content\/uploads\/2020\/03\/lac-2-200x300.jpg 200w, https:\/\/etape.lescontamines.org\/wp-content\/uploads\/2020\/03\/lac-2-768x1151.jpg 768w, https:\/\/etape.lescontamines.org\/wp-content\/uploads\/2020\/03\/lac-2.jpg 1001w\" sizes=\"auto, (max-width: 683px) 100vw, 683px\" \/><\/a><figcaption>P\u00e9dalos<\/figcaption><\/figure>\n<\/figure>\n\n\n\n<h2 class=\"wp-block-heading\">\u00c9quipements <\/h2>\n\n\n\n<ul class=\"wp-block-list\"><li>Acc\u00e8s rapide aux t\u00e9l\u00e9cabines <\/li><li>Aire de jeux pour enfants <\/li><li>Aire de pique-nique <\/li><li>Bar<\/li><li>Borne acc\u00e8s Internet<\/li><li>Wifi-gratuit <\/li><li>Jacuzzi ext\u00e9rieur<\/li><li>Plage et plan d\u2019eau<\/li><li>Piste de VTT<\/li><li>Restauration sur place<\/li><li>Salon de t\u00e9l\u00e9vision<\/li><\/ul>\n\n\n\n<figure class=\"wp-block-gallery has-nested-images columns-default is-cropped wp-block-gallery-2 is-layout-flex wp-block-gallery-is-layout-flex\">\n<figure class=\"wp-block-image size-large\"><a href=\"https:\/\/etape.lescontamines.org\/wp-content\/uploads\/2020\/03\/chemins-1.jpg\"><img loading=\"lazy\" decoding=\"async\" width=\"1024\" height=\"681\" data-id=\"280\" src=\"http:\/\/dev.lescontamines.org\/wp-content\/uploads\/2020\/03\/chemins-1-1024x681.jpg\" alt=\"\" class=\"wp-image-280\" srcset=\"https:\/\/etape.lescontamines.org\/wp-content\/uploads\/2020\/03\/chemins-1-1024x681.jpg 1024w, https:\/\/etape.lescontamines.org\/wp-content\/uploads\/2020\/03\/chemins-1-300x200.jpg 300w, https:\/\/etape.lescontamines.org\/wp-content\/uploads\/2020\/03\/chemins-1-768x511.jpg 768w, https:\/\/etape.lescontamines.org\/wp-content\/uploads\/2020\/03\/chemins-1.jpg 1500w\" sizes=\"auto, (max-width: 767px) 89vw, (max-width: 1000px) 54vw, (max-width: 1071px) 543px, 580px\" \/><\/a><figcaption>Chemins<\/figcaption><\/figure>\n\n\n\n<figure class=\"wp-block-image size-large\"><a href=\"https:\/\/etape.lescontamines.org\/wp-content\/uploads\/2020\/03\/piste-vtt-1.jpg\"><img loading=\"lazy\" decoding=\"async\" width=\"681\" height=\"1024\" data-id=\"284\" src=\"http:\/\/dev.lescontamines.org\/wp-content\/uploads\/2020\/03\/piste-vtt-1-681x1024.jpg\" alt=\"\" class=\"wp-image-284\" srcset=\"https:\/\/etape.lescontamines.org\/wp-content\/uploads\/2020\/03\/piste-vtt-1-681x1024.jpg 681w, https:\/\/etape.lescontamines.org\/wp-content\/uploads\/2020\/03\/piste-vtt-1-200x300.jpg 200w, https:\/\/etape.lescontamines.org\/wp-content\/uploads\/2020\/03\/piste-vtt-1-768x1154.jpg 768w, https:\/\/etape.lescontamines.org\/wp-content\/uploads\/2020\/03\/piste-vtt-1.jpg 998w\" sizes=\"auto, (max-width: 681px) 100vw, 681px\" \/><\/a><figcaption>Bike Park<\/figcaption><\/figure>\n\n\n\n<figure class=\"wp-block-image size-large\"><a href=\"https:\/\/etape.lescontamines.org\/wp-content\/uploads\/2020\/03\/telecabine-1.jpg\"><img loading=\"lazy\" decoding=\"async\" width=\"683\" height=\"1024\" data-id=\"285\" src=\"http:\/\/dev.lescontamines.org\/wp-content\/uploads\/2020\/03\/telecabine-1-683x1024.jpg\" alt=\"\" class=\"wp-image-285\" srcset=\"https:\/\/etape.lescontamines.org\/wp-content\/uploads\/2020\/03\/telecabine-1-683x1024.jpg 683w, https:\/\/etape.lescontamines.org\/wp-content\/uploads\/2020\/03\/telecabine-1-200x300.jpg 200w, https:\/\/etape.lescontamines.org\/wp-content\/uploads\/2020\/03\/telecabine-1-768x1151.jpg 768w, https:\/\/etape.lescontamines.org\/wp-content\/uploads\/2020\/03\/telecabine-1.jpg 1001w\" sizes=\"auto, (max-width: 683px) 100vw, 683px\" \/><\/a><figcaption>TC Signal<\/figcaption><\/figure>\n<\/figure>\n\n\n\n<h2 class=\"wp-block-heading\">Services ext\u00e9rieurs<\/h2>\n\n\n\n<ul class=\"wp-block-list\"><li>Locations de skis et v\u00e9los au village<\/li><li>Vols tandem en parapente<\/li><\/ul>\n","protected":false},"excerpt":{"rendered":"<p>Family Comfort Baby crib Baby chair Children play area Equipments Cable car fast access Children play area Picnic area Bar Computer and free WiFi Outside Jacuzzi Beach and lake VTT Trails Catering on site TV Lounge Other services Ski and Bike rent in the village Paraglide tandem flight<\/p>\n","protected":false},"author":1,"featured_media":0,"parent":0,"menu_order":0,"comment_status":"closed","ping_status":"closed","template":"","meta":{"footnotes":""},"class_list":["post-276","page","type-page","status-publish","hentry"],"yoast_head":"<!-- This site is optimized with the Yoast SEO plugin v24.6 - https:\/\/yoast.com\/wordpress\/plugins\/seo\/ -->\n<title>Services - L&#039;Etape chalet Hotel<\/title>\n<meta name=\"robots\" content=\"index, follow, max-snippet:-1, max-image-preview:large, max-video-preview:-1\" \/>\n<link rel=\"canonical\" href=\"https:\/\/etape.lescontamines.org\/services\/\" \/>\n<meta property=\"og:locale\" content=\"en_GB\" \/>\n<meta property=\"og:type\" content=\"article\" \/>\n<meta property=\"og:title\" content=\"Services - L&#039;Etape chalet Hotel\" \/>\n<meta property=\"og:description\" content=\"Family Comfort Baby crib Baby chair Children play area Equipments Cable car fast access Children play area Picnic area Bar Computer and free WiFi Outside Jacuzzi Beach and lake VTT Trails Catering on site TV Lounge Other services Ski and Bike rent in the village Paraglide tandem flight\" \/>\n<meta property=\"og:url\" content=\"https:\/\/etape.lescontamines.org\/services\/\" \/>\n<meta property=\"og:site_name\" content=\"L&#039;Etape chalet Hotel\" \/>\n<meta property=\"article:publisher\" content=\"https:\/\/www.facebook.com\/ChaletEtape\/\" \/>\n<meta property=\"article:modified_time\" content=\"2022-09-15T13:56:46+00:00\" \/>\n<meta property=\"og:image\" content=\"http:\/\/dev.lescontamines.org\/wp-content\/uploads\/2020\/03\/lac-1-1024x683.jpg\" \/>\n<meta name=\"twitter:card\" content=\"summary_large_image\" \/>\n<meta name=\"twitter:label1\" content=\"Est. reading time\" \/>\n\t<meta name=\"twitter:data1\" content=\"2 minutes\" \/>\n<script type=\"application\/ld+json\" class=\"yoast-schema-graph\">{\"@context\":\"https:\/\/schema.org\",\"@graph\":[{\"@type\":\"WebPage\",\"@id\":\"https:\/\/etape.lescontamines.org\/services\/\",\"url\":\"https:\/\/etape.lescontamines.org\/services\/\",\"name\":\"Services - L'Etape chalet Hotel\",\"isPartOf\":{\"@id\":\"https:\/\/etape.lescontamines.org\/#website\"},\"primaryImageOfPage\":{\"@id\":\"https:\/\/etape.lescontamines.org\/services\/#primaryimage\"},\"image\":{\"@id\":\"https:\/\/etape.lescontamines.org\/services\/#primaryimage\"},\"thumbnailUrl\":\"http:\/\/dev.lescontamines.org\/wp-content\/uploads\/2020\/03\/lac-1-1024x683.jpg\",\"datePublished\":\"2020-03-25T18:14:19+00:00\",\"dateModified\":\"2022-09-15T13:56:46+00:00\",\"breadcrumb\":{\"@id\":\"https:\/\/etape.lescontamines.org\/services\/#breadcrumb\"},\"inLanguage\":\"en-GB\",\"potentialAction\":[{\"@type\":\"ReadAction\",\"target\":[\"https:\/\/etape.lescontamines.org\/services\/\"]}]},{\"@type\":\"ImageObject\",\"inLanguage\":\"en-GB\",\"@id\":\"https:\/\/etape.lescontamines.org\/services\/#primaryimage\",\"url\":\"http:\/\/dev.lescontamines.org\/wp-content\/uploads\/2020\/03\/lac-1-1024x683.jpg\",\"contentUrl\":\"http:\/\/dev.lescontamines.org\/wp-content\/uploads\/2020\/03\/lac-1-1024x683.jpg\"},{\"@type\":\"BreadcrumbList\",\"@id\":\"https:\/\/etape.lescontamines.org\/services\/#breadcrumb\",\"itemListElement\":[{\"@type\":\"ListItem\",\"position\":1,\"name\":\"Accueil\",\"item\":\"https:\/\/etape.lescontamines.org\/\"},{\"@type\":\"ListItem\",\"position\":2,\"name\":\"Services\"}]},{\"@type\":\"WebSite\",\"@id\":\"https:\/\/etape.lescontamines.org\/#website\",\"url\":\"https:\/\/etape.lescontamines.org\/\",\"name\":\"L'Etape chalet Hotel\",\"description\":\"Les Contamines-Montjoie ski resort\",\"publisher\":{\"@id\":\"https:\/\/etape.lescontamines.org\/#organization\"},\"potentialAction\":[{\"@type\":\"SearchAction\",\"target\":{\"@type\":\"EntryPoint\",\"urlTemplate\":\"https:\/\/etape.lescontamines.org\/?s={search_term_string}\"},\"query-input\":{\"@type\":\"PropertyValueSpecification\",\"valueRequired\":true,\"valueName\":\"search_term_string\"}}],\"inLanguage\":\"en-GB\"},{\"@type\":\"Organization\",\"@id\":\"https:\/\/etape.lescontamines.org\/#organization\",\"name\":\"L'Etape chalet Hotel\",\"url\":\"https:\/\/etape.lescontamines.org\/\",\"logo\":{\"@type\":\"ImageObject\",\"inLanguage\":\"en-GB\",\"@id\":\"https:\/\/etape.lescontamines.org\/#\/schema\/logo\/image\/\",\"url\":\"https:\/\/etape.lescontamines.org\/wp-content\/uploads\/2020\/03\/cropped-L-Etape-logo-small.png\",\"contentUrl\":\"https:\/\/etape.lescontamines.org\/wp-content\/uploads\/2020\/03\/cropped-L-Etape-logo-small.png\",\"width\":566,\"height\":250,\"caption\":\"L'Etape chalet Hotel\"},\"image\":{\"@id\":\"https:\/\/etape.lescontamines.org\/#\/schema\/logo\/image\/\"},\"sameAs\":[\"https:\/\/www.facebook.com\/ChaletEtape\/\"]}]}<\/script>\n<!-- \/ Yoast SEO plugin. -->","yoast_head_json":{"title":"Services - L'Etape chalet Hotel","robots":{"index":"index","follow":"follow","max-snippet":"max-snippet:-1","max-image-preview":"max-image-preview:large","max-video-preview":"max-video-preview:-1"},"canonical":"https:\/\/etape.lescontamines.org\/services\/","og_locale":"en_GB","og_type":"article","og_title":"Services - L'Etape chalet Hotel","og_description":"Family Comfort Baby crib Baby chair Children play area Equipments Cable car fast access Children play area Picnic area Bar Computer and free WiFi Outside Jacuzzi Beach and lake VTT Trails Catering on site TV Lounge Other services Ski and Bike rent in the village Paraglide tandem flight","og_url":"https:\/\/etape.lescontamines.org\/services\/","og_site_name":"L'Etape chalet Hotel","article_publisher":"https:\/\/www.facebook.com\/ChaletEtape\/","article_modified_time":"2022-09-15T13:56:46+00:00","og_image":[{"url":"http:\/\/dev.lescontamines.org\/wp-content\/uploads\/2020\/03\/lac-1-1024x683.jpg","type":"","width":"","height":""}],"twitter_card":"summary_large_image","twitter_misc":{"Est. reading time":"2 minutes"},"schema":{"@context":"https:\/\/schema.org","@graph":[{"@type":"WebPage","@id":"https:\/\/etape.lescontamines.org\/services\/","url":"https:\/\/etape.lescontamines.org\/services\/","name":"Services - L'Etape chalet Hotel","isPartOf":{"@id":"https:\/\/etape.lescontamines.org\/#website"},"primaryImageOfPage":{"@id":"https:\/\/etape.lescontamines.org\/services\/#primaryimage"},"image":{"@id":"https:\/\/etape.lescontamines.org\/services\/#primaryimage"},"thumbnailUrl":"http:\/\/dev.lescontamines.org\/wp-content\/uploads\/2020\/03\/lac-1-1024x683.jpg","datePublished":"2020-03-25T18:14:19+00:00","dateModified":"2022-09-15T13:56:46+00:00","breadcrumb":{"@id":"https:\/\/etape.lescontamines.org\/services\/#breadcrumb"},"inLanguage":"en-GB","potentialAction":[{"@type":"ReadAction","target":["https:\/\/etape.lescontamines.org\/services\/"]}]},{"@type":"ImageObject","inLanguage":"en-GB","@id":"https:\/\/etape.lescontamines.org\/services\/#primaryimage","url":"http:\/\/dev.lescontamines.org\/wp-content\/uploads\/2020\/03\/lac-1-1024x683.jpg","contentUrl":"http:\/\/dev.lescontamines.org\/wp-content\/uploads\/2020\/03\/lac-1-1024x683.jpg"},{"@type":"BreadcrumbList","@id":"https:\/\/etape.lescontamines.org\/services\/#breadcrumb","itemListElement":[{"@type":"ListItem","position":1,"name":"Accueil","item":"https:\/\/etape.lescontamines.org\/"},{"@type":"ListItem","position":2,"name":"Services"}]},{"@type":"WebSite","@id":"https:\/\/etape.lescontamines.org\/#website","url":"https:\/\/etape.lescontamines.org\/","name":"L'Etape chalet Hotel","description":"Les Contamines-Montjoie ski resort","publisher":{"@id":"https:\/\/etape.lescontamines.org\/#organization"},"potentialAction":[{"@type":"SearchAction","target":{"@type":"EntryPoint","urlTemplate":"https:\/\/etape.lescontamines.org\/?s={search_term_string}"},"query-input":{"@type":"PropertyValueSpecification","valueRequired":true,"valueName":"search_term_string"}}],"inLanguage":"en-GB"},{"@type":"Organization","@id":"https:\/\/etape.lescontamines.org\/#organization","name":"L'Etape chalet Hotel","url":"https:\/\/etape.lescontamines.org\/","logo":{"@type":"ImageObject","inLanguage":"en-GB","@id":"https:\/\/etape.lescontamines.org\/#\/schema\/logo\/image\/","url":"https:\/\/etape.lescontamines.org\/wp-content\/uploads\/2020\/03\/cropped-L-Etape-logo-small.png","contentUrl":"https:\/\/etape.lescontamines.org\/wp-content\/uploads\/2020\/03\/cropped-L-Etape-logo-small.png","width":566,"height":250,"caption":"L'Etape chalet Hotel"},"image":{"@id":"https:\/\/etape.lescontamines.org\/#\/schema\/logo\/image\/"},"sameAs":["https:\/\/www.facebook.com\/ChaletEtape\/"]}]}},"_links":{"self":[{"href":"https:\/\/etape.lescontamines.org\/en\/wp-json\/wp\/v2\/pages\/276","targetHints":{"allow":["GET"]}}],"collection":[{"href":"https:\/\/etape.lescontamines.org\/en\/wp-json\/wp\/v2\/pages"}],"about":[{"href":"https:\/\/etape.lescontamines.org\/en\/wp-json\/wp\/v2\/types\/page"}],"author":[{"embeddable":true,"href":"https:\/\/etape.lescontamines.org\/en\/wp-json\/wp\/v2\/users\/1"}],"replies":[{"embeddable":true,"href":"https:\/\/etape.lescontamines.org\/en\/wp-json\/wp\/v2\/comments?post=276"}],"version-history":[{"count":10,"href":"https:\/\/etape.lescontamines.org\/en\/wp-json\/wp\/v2\/pages\/276\/revisions"}],"predecessor-version":[{"id":645,"href":"https:\/\/etape.lescontamines.org\/en\/wp-json\/wp\/v2\/pages\/276\/revisions\/645"}],"wp:attachment":[{"href":"https:\/\/etape.lescontamines.org\/en\/wp-json\/wp\/v2\/media?parent=276"}],"curies":[{"name":"wp","href":"https:\/\/api.w.org\/{rel}","templated":true}]}}