{"id":305,"date":"2020-03-25T19:46:35","date_gmt":"2020-03-25T18:46:35","guid":{"rendered":"http:\/\/dev.lescontamines.org\/?page_id=305"},"modified":"2025-09-09T13:45:47","modified_gmt":"2025-09-09T12:45:47","slug":"le-chalet","status":"publish","type":"page","link":"https:\/\/etape.lescontamines.org\/en\/le-chalet\/","title":{"rendered":"Independent Chalet"},"content":{"rendered":"\n<p>Le chalet situ\u00e9 \u00e0 deux pas de l\u2019H\u00f4tel et Restaurant offre une vue imprenable sur les D\u00f4mes de Miage et sur le lac de l&nbsp;\u2018\u00c9tape. <\/p>\n\n\n\n<p>Id\u00e9al pour un petit groupe, il devient votre refuge apr\u00e8s une bonne journ\u00e9e de ski ou de randonn\u00e9e.<\/p>\n\n\n\n<p>Occupation  maximale de 7 personnes <\/p>\n\n\n\n<figure class=\"wp-block-gallery has-nested-images columns-default is-cropped wp-block-gallery-1 is-layout-flex wp-block-gallery-is-layout-flex\">\n<figure class=\"wp-block-image size-large\"><img loading=\"lazy\" decoding=\"async\" width=\"1024\" height=\"683\" data-id=\"930\" src=\"https:\/\/etape.lescontamines.org\/wp-content\/uploads\/2025\/09\/chalet-09-1024x683.jpg\" alt=\"\" class=\"wp-image-930\" srcset=\"https:\/\/etape.lescontamines.org\/wp-content\/uploads\/2025\/09\/chalet-09-1024x683.jpg 1024w, https:\/\/etape.lescontamines.org\/wp-content\/uploads\/2025\/09\/chalet-09-300x200.jpg 300w, https:\/\/etape.lescontamines.org\/wp-content\/uploads\/2025\/09\/chalet-09-768x512.jpg 768w, https:\/\/etape.lescontamines.org\/wp-content\/uploads\/2025\/09\/chalet-09.jpg 1500w\" sizes=\"auto, (max-width: 767px) 89vw, (max-width: 1000px) 54vw, (max-width: 1071px) 543px, 580px\" \/><\/figure>\n<\/figure>\n\n\n\n<h2 class=\"wp-block-heading\">Rez de chauss\u00e9<\/h2>\n\n\n\n<p>Salon cuisine  <\/p>\n\n\n\n<figure class=\"wp-block-gallery has-nested-images columns-default is-cropped wp-block-gallery-2 is-layout-flex wp-block-gallery-is-layout-flex\">\n<figure class=\"wp-block-image size-large\"><img loading=\"lazy\" decoding=\"async\" width=\"768\" height=\"1024\" data-id=\"771\" src=\"https:\/\/etape.lescontamines.org\/wp-content\/uploads\/2023\/12\/WhatsApp-Image-2023-12-21-at-15.14.01-1-768x1024.jpeg\" alt=\"\" class=\"wp-image-771\" srcset=\"https:\/\/etape.lescontamines.org\/wp-content\/uploads\/2023\/12\/WhatsApp-Image-2023-12-21-at-15.14.01-1-768x1024.jpeg 768w, https:\/\/etape.lescontamines.org\/wp-content\/uploads\/2023\/12\/WhatsApp-Image-2023-12-21-at-15.14.01-1-225x300.jpeg 225w, https:\/\/etape.lescontamines.org\/wp-content\/uploads\/2023\/12\/WhatsApp-Image-2023-12-21-at-15.14.01-1-1152x1536.jpeg 1152w, https:\/\/etape.lescontamines.org\/wp-content\/uploads\/2023\/12\/WhatsApp-Image-2023-12-21-at-15.14.01-1.jpeg 1500w\" sizes=\"auto, (max-width: 767px) 89vw, (max-width: 1000px) 54vw, (max-width: 1071px) 543px, 580px\" \/><\/figure>\n\n\n\n<figure class=\"wp-block-image size-large\"><img loading=\"lazy\" decoding=\"async\" width=\"1024\" height=\"768\" data-id=\"772\" src=\"https:\/\/etape.lescontamines.org\/wp-content\/uploads\/2023\/12\/WhatsApp-Image-2023-12-21-at-15.14.021-1024x768.jpeg\" alt=\"\" class=\"wp-image-772\" srcset=\"https:\/\/etape.lescontamines.org\/wp-content\/uploads\/2023\/12\/WhatsApp-Image-2023-12-21-at-15.14.021-1024x768.jpeg 1024w, https:\/\/etape.lescontamines.org\/wp-content\/uploads\/2023\/12\/WhatsApp-Image-2023-12-21-at-15.14.021-300x225.jpeg 300w, https:\/\/etape.lescontamines.org\/wp-content\/uploads\/2023\/12\/WhatsApp-Image-2023-12-21-at-15.14.021-768x576.jpeg 768w, https:\/\/etape.lescontamines.org\/wp-content\/uploads\/2023\/12\/WhatsApp-Image-2023-12-21-at-15.14.021-1536x1152.jpeg 1536w, https:\/\/etape.lescontamines.org\/wp-content\/uploads\/2023\/12\/WhatsApp-Image-2023-12-21-at-15.14.021.jpeg 2000w\" sizes=\"auto, (max-width: 767px) 89vw, (max-width: 1000px) 54vw, (max-width: 1071px) 543px, 580px\" \/><\/figure>\n\n\n\n<figure class=\"wp-block-image size-large\"><img loading=\"lazy\" decoding=\"async\" width=\"1024\" height=\"768\" data-id=\"773\" src=\"https:\/\/etape.lescontamines.org\/wp-content\/uploads\/2023\/12\/WhatsApp-Image-2023-12-21-at-15.14.03-1024x768.jpeg\" alt=\"\" class=\"wp-image-773\" srcset=\"https:\/\/etape.lescontamines.org\/wp-content\/uploads\/2023\/12\/WhatsApp-Image-2023-12-21-at-15.14.03-1024x768.jpeg 1024w, https:\/\/etape.lescontamines.org\/wp-content\/uploads\/2023\/12\/WhatsApp-Image-2023-12-21-at-15.14.03-300x225.jpeg 300w, https:\/\/etape.lescontamines.org\/wp-content\/uploads\/2023\/12\/WhatsApp-Image-2023-12-21-at-15.14.03-768x576.jpeg 768w, https:\/\/etape.lescontamines.org\/wp-content\/uploads\/2023\/12\/WhatsApp-Image-2023-12-21-at-15.14.03-1536x1152.jpeg 1536w, https:\/\/etape.lescontamines.org\/wp-content\/uploads\/2023\/12\/WhatsApp-Image-2023-12-21-at-15.14.03.jpeg 2000w\" sizes=\"auto, (max-width: 767px) 89vw, (max-width: 1000px) 54vw, (max-width: 1071px) 543px, 580px\" \/><\/figure>\n<\/figure>\n\n\n\n<pre class=\"wp-block-verse\"><strong>Salon<\/strong> : Canap\u00e9, t\u00e9l\u00e9vision<br><br><strong>Cuisine<\/strong> : Four micro-ondes, lave vaisselle, r\u00e9frig\u00e9rateur, machine \u00e0 caf\u00e9 \u00e0 filtre, appareil \u00e0 raclette, appareil \u00e0 fondue, bouilloire<\/pre>\n\n\n\n<p>Salle de bain et salle de bain<\/p>\n\n\n\n<figure class=\"wp-block-gallery has-nested-images columns-default is-cropped wp-block-gallery-3 is-layout-flex wp-block-gallery-is-layout-flex\">\n<figure class=\"wp-block-image size-large\"><img loading=\"lazy\" decoding=\"async\" width=\"768\" height=\"1024\" data-id=\"774\" src=\"https:\/\/etape.lescontamines.org\/wp-content\/uploads\/2023\/12\/WhatsApp-Image-2023-12-21-at-15.14.022-768x1024.jpeg\" alt=\"\" class=\"wp-image-774\" srcset=\"https:\/\/etape.lescontamines.org\/wp-content\/uploads\/2023\/12\/WhatsApp-Image-2023-12-21-at-15.14.022-768x1024.jpeg 768w, https:\/\/etape.lescontamines.org\/wp-content\/uploads\/2023\/12\/WhatsApp-Image-2023-12-21-at-15.14.022-225x300.jpeg 225w, https:\/\/etape.lescontamines.org\/wp-content\/uploads\/2023\/12\/WhatsApp-Image-2023-12-21-at-15.14.022-1152x1536.jpeg 1152w, https:\/\/etape.lescontamines.org\/wp-content\/uploads\/2023\/12\/WhatsApp-Image-2023-12-21-at-15.14.022.jpeg 1500w\" sizes=\"auto, (max-width: 767px) 89vw, (max-width: 1000px) 54vw, (max-width: 1071px) 543px, 580px\" \/><\/figure>\n\n\n\n<figure class=\"wp-block-image size-large\"><img loading=\"lazy\" decoding=\"async\" width=\"768\" height=\"1024\" data-id=\"775\" src=\"https:\/\/etape.lescontamines.org\/wp-content\/uploads\/2023\/12\/WhatsApp-Image-2023-12-21-at-15.14.023-768x1024.jpeg\" alt=\"\" class=\"wp-image-775\" srcset=\"https:\/\/etape.lescontamines.org\/wp-content\/uploads\/2023\/12\/WhatsApp-Image-2023-12-21-at-15.14.023-768x1024.jpeg 768w, https:\/\/etape.lescontamines.org\/wp-content\/uploads\/2023\/12\/WhatsApp-Image-2023-12-21-at-15.14.023-225x300.jpeg 225w, https:\/\/etape.lescontamines.org\/wp-content\/uploads\/2023\/12\/WhatsApp-Image-2023-12-21-at-15.14.023-1152x1536.jpeg 1152w, https:\/\/etape.lescontamines.org\/wp-content\/uploads\/2023\/12\/WhatsApp-Image-2023-12-21-at-15.14.023.jpeg 1500w\" sizes=\"auto, (max-width: 767px) 89vw, (max-width: 1000px) 54vw, (max-width: 1071px) 543px, 580px\" \/><\/figure>\n<\/figure>\n\n\n\n<pre class=\"wp-block-verse\">Douche, toilette et s\u00e8che serviette<\/pre>\n\n\n\n<p>Une chambre  double<\/p>\n\n\n\n<figure class=\"wp-block-gallery has-nested-images columns-default is-cropped wp-block-gallery-4 is-layout-flex wp-block-gallery-is-layout-flex\">\n<figure class=\"wp-block-image size-large\"><img loading=\"lazy\" decoding=\"async\" width=\"768\" height=\"1024\" data-id=\"776\" src=\"https:\/\/etape.lescontamines.org\/wp-content\/uploads\/2023\/12\/WhatsApp-Image-2023-12-22-at-13.46.172-768x1024.jpeg\" alt=\"\" class=\"wp-image-776\" srcset=\"https:\/\/etape.lescontamines.org\/wp-content\/uploads\/2023\/12\/WhatsApp-Image-2023-12-22-at-13.46.172-768x1024.jpeg 768w, https:\/\/etape.lescontamines.org\/wp-content\/uploads\/2023\/12\/WhatsApp-Image-2023-12-22-at-13.46.172-225x300.jpeg 225w, https:\/\/etape.lescontamines.org\/wp-content\/uploads\/2023\/12\/WhatsApp-Image-2023-12-22-at-13.46.172-1152x1536.jpeg 1152w, https:\/\/etape.lescontamines.org\/wp-content\/uploads\/2023\/12\/WhatsApp-Image-2023-12-22-at-13.46.172.jpeg 1200w\" sizes=\"auto, (max-width: 767px) 89vw, (max-width: 1000px) 54vw, (max-width: 1071px) 543px, 580px\" \/><\/figure>\n\n\n\n<figure class=\"wp-block-image size-large\"><img loading=\"lazy\" decoding=\"async\" width=\"768\" height=\"1024\" data-id=\"777\" src=\"https:\/\/etape.lescontamines.org\/wp-content\/uploads\/2023\/12\/WhatsApp-Image-2023-12-22-at-13.46.17-768x1024.jpeg\" alt=\"\" class=\"wp-image-777\" srcset=\"https:\/\/etape.lescontamines.org\/wp-content\/uploads\/2023\/12\/WhatsApp-Image-2023-12-22-at-13.46.17-768x1024.jpeg 768w, https:\/\/etape.lescontamines.org\/wp-content\/uploads\/2023\/12\/WhatsApp-Image-2023-12-22-at-13.46.17-225x300.jpeg 225w, https:\/\/etape.lescontamines.org\/wp-content\/uploads\/2023\/12\/WhatsApp-Image-2023-12-22-at-13.46.17-1152x1536.jpeg 1152w, https:\/\/etape.lescontamines.org\/wp-content\/uploads\/2023\/12\/WhatsApp-Image-2023-12-22-at-13.46.17.jpeg 1200w\" sizes=\"auto, (max-width: 767px) 89vw, (max-width: 1000px) 54vw, (max-width: 1071px) 543px, 580px\" \/><\/figure>\n<\/figure>\n\n\n\n<pre class=\"wp-block-verse\">Lit double (140 x 190 cm)<\/pre>\n\n\n\n<p>Mezzanine <\/p>\n\n\n\n<figure class=\"wp-block-gallery has-nested-images columns-default is-cropped wp-block-gallery-5 is-layout-flex wp-block-gallery-is-layout-flex\">\n<figure class=\"wp-block-image size-large\"><img loading=\"lazy\" decoding=\"async\" width=\"1024\" height=\"768\" data-id=\"778\" src=\"https:\/\/etape.lescontamines.org\/wp-content\/uploads\/2023\/12\/WhatsApp-Image-2023-12-22-at-13.46.15-1024x768.jpeg\" alt=\"\" class=\"wp-image-778\" srcset=\"https:\/\/etape.lescontamines.org\/wp-content\/uploads\/2023\/12\/WhatsApp-Image-2023-12-22-at-13.46.15-1024x768.jpeg 1024w, https:\/\/etape.lescontamines.org\/wp-content\/uploads\/2023\/12\/WhatsApp-Image-2023-12-22-at-13.46.15-300x225.jpeg 300w, https:\/\/etape.lescontamines.org\/wp-content\/uploads\/2023\/12\/WhatsApp-Image-2023-12-22-at-13.46.15-768x576.jpeg 768w, https:\/\/etape.lescontamines.org\/wp-content\/uploads\/2023\/12\/WhatsApp-Image-2023-12-22-at-13.46.15-1536x1152.jpeg 1536w, https:\/\/etape.lescontamines.org\/wp-content\/uploads\/2023\/12\/WhatsApp-Image-2023-12-22-at-13.46.15.jpeg 1600w\" sizes=\"auto, (max-width: 767px) 89vw, (max-width: 1000px) 54vw, (max-width: 1071px) 543px, 580px\" \/><\/figure>\n<\/figure>\n\n\n\n<pre class=\"wp-block-verse\">Au-dessus du salon avec 2 lits simples (90 x 190 cm)<\/pre>\n\n\n\n<h2 class=\"wp-block-heading\">\u00c9tage<\/h2>\n\n\n\n<p>Une chambre 2 lits simples.<\/p>\n\n\n\n<figure class=\"wp-block-gallery has-nested-images columns-default is-cropped wp-block-gallery-6 is-layout-flex wp-block-gallery-is-layout-flex\">\n<figure class=\"wp-block-image size-large\"><img loading=\"lazy\" decoding=\"async\" width=\"1024\" height=\"768\" data-id=\"780\" src=\"https:\/\/etape.lescontamines.org\/wp-content\/uploads\/2023\/12\/WhatsApp-Image-2023-12-22-at-13.46.163-1024x768.jpeg\" alt=\"\" class=\"wp-image-780\" srcset=\"https:\/\/etape.lescontamines.org\/wp-content\/uploads\/2023\/12\/WhatsApp-Image-2023-12-22-at-13.46.163-1024x768.jpeg 1024w, https:\/\/etape.lescontamines.org\/wp-content\/uploads\/2023\/12\/WhatsApp-Image-2023-12-22-at-13.46.163-300x225.jpeg 300w, https:\/\/etape.lescontamines.org\/wp-content\/uploads\/2023\/12\/WhatsApp-Image-2023-12-22-at-13.46.163-768x576.jpeg 768w, https:\/\/etape.lescontamines.org\/wp-content\/uploads\/2023\/12\/WhatsApp-Image-2023-12-22-at-13.46.163-1536x1152.jpeg 1536w, https:\/\/etape.lescontamines.org\/wp-content\/uploads\/2023\/12\/WhatsApp-Image-2023-12-22-at-13.46.163.jpeg 1600w\" sizes=\"auto, (max-width: 767px) 89vw, (max-width: 1000px) 54vw, (max-width: 1071px) 543px, 580px\" \/><\/figure>\n\n\n\n<figure class=\"wp-block-image size-large\"><img loading=\"lazy\" decoding=\"async\" width=\"768\" height=\"1024\" data-id=\"779\" src=\"https:\/\/etape.lescontamines.org\/wp-content\/uploads\/2023\/12\/WhatsApp-Image-2023-12-22-at-13.46.16-768x1024.jpeg\" alt=\"\" class=\"wp-image-779\" srcset=\"https:\/\/etape.lescontamines.org\/wp-content\/uploads\/2023\/12\/WhatsApp-Image-2023-12-22-at-13.46.16-768x1024.jpeg 768w, https:\/\/etape.lescontamines.org\/wp-content\/uploads\/2023\/12\/WhatsApp-Image-2023-12-22-at-13.46.16-225x300.jpeg 225w, https:\/\/etape.lescontamines.org\/wp-content\/uploads\/2023\/12\/WhatsApp-Image-2023-12-22-at-13.46.16-1152x1536.jpeg 1152w, https:\/\/etape.lescontamines.org\/wp-content\/uploads\/2023\/12\/WhatsApp-Image-2023-12-22-at-13.46.16.jpeg 1200w\" sizes=\"auto, (max-width: 767px) 89vw, (max-width: 1000px) 54vw, (max-width: 1071px) 543px, 580px\" \/><\/figure>\n<\/figure>\n\n\n\n<h2 class=\"wp-block-heading\">Ext\u00e9rieur<\/h2>\n\n\n\n<p>Une terrasse donnant sur le lac avec vue sur les D\u00f4mes de Miage.<\/p>\n\n\n\n<figure class=\"wp-block-gallery has-nested-images columns-default is-cropped wp-block-gallery-7 is-layout-flex wp-block-gallery-is-layout-flex\">\n<figure class=\"wp-block-image size-large\"><img loading=\"lazy\" decoding=\"async\" width=\"1024\" height=\"672\" data-id=\"782\" src=\"https:\/\/etape.lescontamines.org\/wp-content\/uploads\/2023\/12\/22133-16506192-1.jpg\" alt=\"\" class=\"wp-image-782\" srcset=\"https:\/\/etape.lescontamines.org\/wp-content\/uploads\/2023\/12\/22133-16506192-1.jpg 1024w, https:\/\/etape.lescontamines.org\/wp-content\/uploads\/2023\/12\/22133-16506192-1-300x197.jpg 300w, https:\/\/etape.lescontamines.org\/wp-content\/uploads\/2023\/12\/22133-16506192-1-768x504.jpg 768w\" sizes=\"auto, (max-width: 767px) 89vw, (max-width: 1000px) 54vw, (max-width: 1071px) 543px, 580px\" \/><\/figure>\n<\/figure>\n\n\n\n<h2 class=\"wp-block-heading has-text-align-center\">!! <strong>Bon \u00e0 Savoir<\/strong> !!<\/h2>\n\n\n\n<p>Couettes et oreillers \u00e0 disposition. Draps et serviette de bain non fournis, mais disponibles \u00e0 la location. <\/p>\n\n\n\n<p class=\"has-text-align-center\"><strong>Location de draps&nbsp;et serviette de bain : 12\u20ac \/ personne \/ nuit .<\/strong><\/p>\n\n\n\n<p>La mise en place des draps sera \u00e0 votre charge.<\/p>\n\n\n\n<p class=\"has-text-align-center\">D\u00eener et\/ou petit d\u00e9jeuner pris \u00e0 l\u2019H\u00f4tel, <strong>Uniquement sur r\u00e9servation&nbsp;:<\/strong><br>D\u00eener&nbsp;: 29,00\u20ac Petit d\u00e9jeuner&nbsp;: 13,00\u20ac<\/p>\n\n\n\n<p>Remarques :  <strong>La location du chalet est en totale autonomie<\/strong><\/p>\n\n\n\n<p>Toutefois, nous mettons \u00e0 votre disposition<\/p>\n\n\n\n<ul class=\"wp-block-list\">\n<li>Tablettes lave vaisselle<\/li>\n\n\n\n<li>Sac poubelle<\/li>\n\n\n\n<li>Papier toilette<\/li>\n\n\n\n<li>Liquide vaisselle<\/li>\n\n\n\n<li>Produits d&#8217;entretien<\/li>\n<\/ul>\n\n\n\n<p>Une caution m\u00e9nage de 220 \u20ac viendra s\u2019ajouter aux arrhes de r\u00e9servation et vous sera enti\u00e8rement restituer \u00e0 la fin de votre s\u00e9jour.<\/p>\n","protected":false},"excerpt":{"rendered":"<p>The independent chalet is located just a few steps from the Etape Hotel and has a incredible view on the lake and the D\u00f4mes de Miage. Perfect for a small group of people. Maximum number of guests = 8 persons Ground floor &#8211; Equipped living room: sofa, television &#8211; Equipped kitchen (microwave, dishwasher\u2026) &#8211; Bathroom &hellip; <\/p>\n<p class=\"link-more\"><a href=\"https:\/\/etape.lescontamines.org\/en\/le-chalet\/\" class=\"more-link\">Continue reading<span class=\"screen-reader-text\"> &#8220;Independent Chalet&#8221;<\/span><\/a><\/p>\n","protected":false},"author":1,"featured_media":0,"parent":0,"menu_order":0,"comment_status":"closed","ping_status":"closed","template":"","meta":{"footnotes":""},"class_list":["post-305","page","type-page","status-publish","hentry"],"yoast_head":"<!-- This site is optimized with the Yoast SEO plugin v24.6 - https:\/\/yoast.com\/wordpress\/plugins\/seo\/ -->\n<title>Description Chalet - L&#039;Etape chalet Hotel<\/title>\n<meta name=\"robots\" content=\"index, follow, max-snippet:-1, max-image-preview:large, max-video-preview:-1\" \/>\n<link rel=\"canonical\" href=\"https:\/\/etape.lescontamines.org\/le-chalet\/\" \/>\n<meta property=\"og:locale\" content=\"en_GB\" \/>\n<meta property=\"og:type\" content=\"article\" \/>\n<meta property=\"og:title\" content=\"Description Chalet - L&#039;Etape chalet Hotel\" \/>\n<meta property=\"og:description\" content=\"The independent chalet is located just a few steps from the Etape Hotel and has a incredible view on the lake and the D\u00f4mes de Miage. Perfect for a small group of people. Maximum number of guests = 8 persons Ground floor &#8211; Equipped living room: sofa, television &#8211; Equipped kitchen (microwave, dishwasher\u2026) &#8211; Bathroom &hellip; Continue reading &quot;Independent Chalet&quot;\" \/>\n<meta property=\"og:url\" content=\"https:\/\/etape.lescontamines.org\/le-chalet\/\" \/>\n<meta property=\"og:site_name\" content=\"L&#039;Etape chalet Hotel\" \/>\n<meta property=\"article:publisher\" content=\"https:\/\/www.facebook.com\/ChaletEtape\/\" \/>\n<meta property=\"article:modified_time\" content=\"2025-09-09T12:45:47+00:00\" \/>\n<meta property=\"og:image\" content=\"https:\/\/etape.lescontamines.org\/wp-content\/uploads\/2025\/09\/chalet-09.jpg\" \/>\n\t<meta property=\"og:image:width\" content=\"1500\" \/>\n\t<meta property=\"og:image:height\" content=\"1000\" \/>\n\t<meta property=\"og:image:type\" content=\"image\/jpeg\" \/>\n<meta name=\"twitter:card\" content=\"summary_large_image\" \/>\n<meta name=\"twitter:label1\" content=\"Est. reading time\" \/>\n\t<meta name=\"twitter:data1\" content=\"4 minutes\" \/>\n<script type=\"application\/ld+json\" class=\"yoast-schema-graph\">{\"@context\":\"https:\/\/schema.org\",\"@graph\":[{\"@type\":\"WebPage\",\"@id\":\"https:\/\/etape.lescontamines.org\/le-chalet\/\",\"url\":\"https:\/\/etape.lescontamines.org\/le-chalet\/\",\"name\":\"Description Chalet - L'Etape chalet Hotel\",\"isPartOf\":{\"@id\":\"https:\/\/etape.lescontamines.org\/#website\"},\"primaryImageOfPage\":{\"@id\":\"https:\/\/etape.lescontamines.org\/le-chalet\/#primaryimage\"},\"image\":{\"@id\":\"https:\/\/etape.lescontamines.org\/le-chalet\/#primaryimage\"},\"thumbnailUrl\":\"https:\/\/etape.lescontamines.org\/wp-content\/uploads\/2025\/09\/chalet-09-1024x683.jpg\",\"datePublished\":\"2020-03-25T18:46:35+00:00\",\"dateModified\":\"2025-09-09T12:45:47+00:00\",\"breadcrumb\":{\"@id\":\"https:\/\/etape.lescontamines.org\/le-chalet\/#breadcrumb\"},\"inLanguage\":\"en-GB\",\"potentialAction\":[{\"@type\":\"ReadAction\",\"target\":[\"https:\/\/etape.lescontamines.org\/le-chalet\/\"]}]},{\"@type\":\"ImageObject\",\"inLanguage\":\"en-GB\",\"@id\":\"https:\/\/etape.lescontamines.org\/le-chalet\/#primaryimage\",\"url\":\"https:\/\/etape.lescontamines.org\/wp-content\/uploads\/2025\/09\/chalet-09-1024x683.jpg\",\"contentUrl\":\"https:\/\/etape.lescontamines.org\/wp-content\/uploads\/2025\/09\/chalet-09-1024x683.jpg\"},{\"@type\":\"BreadcrumbList\",\"@id\":\"https:\/\/etape.lescontamines.org\/le-chalet\/#breadcrumb\",\"itemListElement\":[{\"@type\":\"ListItem\",\"position\":1,\"name\":\"Accueil\",\"item\":\"https:\/\/etape.lescontamines.org\/\"},{\"@type\":\"ListItem\",\"position\":2,\"name\":\"Description Chalet\"}]},{\"@type\":\"WebSite\",\"@id\":\"https:\/\/etape.lescontamines.org\/#website\",\"url\":\"https:\/\/etape.lescontamines.org\/\",\"name\":\"L'Etape chalet Hotel\",\"description\":\"Les Contamines-Montjoie ski resort\",\"publisher\":{\"@id\":\"https:\/\/etape.lescontamines.org\/#organization\"},\"potentialAction\":[{\"@type\":\"SearchAction\",\"target\":{\"@type\":\"EntryPoint\",\"urlTemplate\":\"https:\/\/etape.lescontamines.org\/?s={search_term_string}\"},\"query-input\":{\"@type\":\"PropertyValueSpecification\",\"valueRequired\":true,\"valueName\":\"search_term_string\"}}],\"inLanguage\":\"en-GB\"},{\"@type\":\"Organization\",\"@id\":\"https:\/\/etape.lescontamines.org\/#organization\",\"name\":\"L'Etape chalet Hotel\",\"url\":\"https:\/\/etape.lescontamines.org\/\",\"logo\":{\"@type\":\"ImageObject\",\"inLanguage\":\"en-GB\",\"@id\":\"https:\/\/etape.lescontamines.org\/#\/schema\/logo\/image\/\",\"url\":\"https:\/\/etape.lescontamines.org\/wp-content\/uploads\/2020\/03\/cropped-L-Etape-logo-small.png\",\"contentUrl\":\"https:\/\/etape.lescontamines.org\/wp-content\/uploads\/2020\/03\/cropped-L-Etape-logo-small.png\",\"width\":566,\"height\":250,\"caption\":\"L'Etape chalet Hotel\"},\"image\":{\"@id\":\"https:\/\/etape.lescontamines.org\/#\/schema\/logo\/image\/\"},\"sameAs\":[\"https:\/\/www.facebook.com\/ChaletEtape\/\"]}]}<\/script>\n<!-- \/ Yoast SEO plugin. -->","yoast_head_json":{"title":"Description Chalet - L'Etape chalet Hotel","robots":{"index":"index","follow":"follow","max-snippet":"max-snippet:-1","max-image-preview":"max-image-preview:large","max-video-preview":"max-video-preview:-1"},"canonical":"https:\/\/etape.lescontamines.org\/le-chalet\/","og_locale":"en_GB","og_type":"article","og_title":"Description Chalet - L'Etape chalet Hotel","og_description":"The independent chalet is located just a few steps from the Etape Hotel and has a incredible view on the lake and the D\u00f4mes de Miage. Perfect for a small group of people. Maximum number of guests = 8 persons Ground floor &#8211; Equipped living room: sofa, television &#8211; Equipped kitchen (microwave, dishwasher\u2026) &#8211; Bathroom &hellip; Continue reading \"Independent Chalet\"","og_url":"https:\/\/etape.lescontamines.org\/le-chalet\/","og_site_name":"L'Etape chalet Hotel","article_publisher":"https:\/\/www.facebook.com\/ChaletEtape\/","article_modified_time":"2025-09-09T12:45:47+00:00","og_image":[{"width":1500,"height":1000,"url":"https:\/\/etape.lescontamines.org\/wp-content\/uploads\/2025\/09\/chalet-09.jpg","type":"image\/jpeg"}],"twitter_card":"summary_large_image","twitter_misc":{"Est. reading time":"4 minutes"},"schema":{"@context":"https:\/\/schema.org","@graph":[{"@type":"WebPage","@id":"https:\/\/etape.lescontamines.org\/le-chalet\/","url":"https:\/\/etape.lescontamines.org\/le-chalet\/","name":"Description Chalet - L'Etape chalet Hotel","isPartOf":{"@id":"https:\/\/etape.lescontamines.org\/#website"},"primaryImageOfPage":{"@id":"https:\/\/etape.lescontamines.org\/le-chalet\/#primaryimage"},"image":{"@id":"https:\/\/etape.lescontamines.org\/le-chalet\/#primaryimage"},"thumbnailUrl":"https:\/\/etape.lescontamines.org\/wp-content\/uploads\/2025\/09\/chalet-09-1024x683.jpg","datePublished":"2020-03-25T18:46:35+00:00","dateModified":"2025-09-09T12:45:47+00:00","breadcrumb":{"@id":"https:\/\/etape.lescontamines.org\/le-chalet\/#breadcrumb"},"inLanguage":"en-GB","potentialAction":[{"@type":"ReadAction","target":["https:\/\/etape.lescontamines.org\/le-chalet\/"]}]},{"@type":"ImageObject","inLanguage":"en-GB","@id":"https:\/\/etape.lescontamines.org\/le-chalet\/#primaryimage","url":"https:\/\/etape.lescontamines.org\/wp-content\/uploads\/2025\/09\/chalet-09-1024x683.jpg","contentUrl":"https:\/\/etape.lescontamines.org\/wp-content\/uploads\/2025\/09\/chalet-09-1024x683.jpg"},{"@type":"BreadcrumbList","@id":"https:\/\/etape.lescontamines.org\/le-chalet\/#breadcrumb","itemListElement":[{"@type":"ListItem","position":1,"name":"Accueil","item":"https:\/\/etape.lescontamines.org\/"},{"@type":"ListItem","position":2,"name":"Description Chalet"}]},{"@type":"WebSite","@id":"https:\/\/etape.lescontamines.org\/#website","url":"https:\/\/etape.lescontamines.org\/","name":"L'Etape chalet Hotel","description":"Les Contamines-Montjoie ski resort","publisher":{"@id":"https:\/\/etape.lescontamines.org\/#organization"},"potentialAction":[{"@type":"SearchAction","target":{"@type":"EntryPoint","urlTemplate":"https:\/\/etape.lescontamines.org\/?s={search_term_string}"},"query-input":{"@type":"PropertyValueSpecification","valueRequired":true,"valueName":"search_term_string"}}],"inLanguage":"en-GB"},{"@type":"Organization","@id":"https:\/\/etape.lescontamines.org\/#organization","name":"L'Etape chalet Hotel","url":"https:\/\/etape.lescontamines.org\/","logo":{"@type":"ImageObject","inLanguage":"en-GB","@id":"https:\/\/etape.lescontamines.org\/#\/schema\/logo\/image\/","url":"https:\/\/etape.lescontamines.org\/wp-content\/uploads\/2020\/03\/cropped-L-Etape-logo-small.png","contentUrl":"https:\/\/etape.lescontamines.org\/wp-content\/uploads\/2020\/03\/cropped-L-Etape-logo-small.png","width":566,"height":250,"caption":"L'Etape chalet Hotel"},"image":{"@id":"https:\/\/etape.lescontamines.org\/#\/schema\/logo\/image\/"},"sameAs":["https:\/\/www.facebook.com\/ChaletEtape\/"]}]}},"_links":{"self":[{"href":"https:\/\/etape.lescontamines.org\/en\/wp-json\/wp\/v2\/pages\/305","targetHints":{"allow":["GET"]}}],"collection":[{"href":"https:\/\/etape.lescontamines.org\/en\/wp-json\/wp\/v2\/pages"}],"about":[{"href":"https:\/\/etape.lescontamines.org\/en\/wp-json\/wp\/v2\/types\/page"}],"author":[{"embeddable":true,"href":"https:\/\/etape.lescontamines.org\/en\/wp-json\/wp\/v2\/users\/1"}],"replies":[{"embeddable":true,"href":"https:\/\/etape.lescontamines.org\/en\/wp-json\/wp\/v2\/comments?post=305"}],"version-history":[{"count":38,"href":"https:\/\/etape.lescontamines.org\/en\/wp-json\/wp\/v2\/pages\/305\/revisions"}],"predecessor-version":[{"id":937,"href":"https:\/\/etape.lescontamines.org\/en\/wp-json\/wp\/v2\/pages\/305\/revisions\/937"}],"wp:attachment":[{"href":"https:\/\/etape.lescontamines.org\/en\/wp-json\/wp\/v2\/media?parent=305"}],"curies":[{"name":"wp","href":"https:\/\/api.w.org\/{rel}","templated":true}]}}