{"id":322,"date":"2020-03-25T20:37:35","date_gmt":"2020-03-25T19:37:35","guid":{"rendered":"http:\/\/dev.lescontamines.org\/?page_id=322"},"modified":"2024-04-08T08:37:37","modified_gmt":"2024-04-08T07:37:37","slug":"informations","status":"publish","type":"page","link":"https:\/\/etape.lescontamines.org\/en\/informations\/","title":{"rendered":"Informations"},"content":{"rendered":"\n<p><strong>!! Information Ete 2024 !!<\/strong><\/p>\n\n\n\n<p>L\u2019h\u00f4tel de l\u2019\u00e9tape est ferm\u00e9 pendant la saison estivale.<\/p>\n\n\n\n<p>Le Gite 6 personnes reste disponible \u00e0 la location. Venez profiter d&#8217;une pause fra\u00eecheur estivale dans nos montagnes. Gite \u00e0 1400\u2009m d&#8217;altitude, acc\u00e8s aux lacs de baignade et jeux pour enfants face au d\u00f4me du miage !! Tarif et r\u00e9servation sur notre site ou par mail.<\/p>\n\n\n<ul class=\"wp-block-latest-posts__list has-dates alignleft wp-block-latest-posts\"><li><a class=\"wp-block-latest-posts__post-title\" href=\"https:\/\/etape.lescontamines.org\/en\/winter-is-coming\/\">winter is coming !!<\/a><time datetime=\"2025-09-09T13:50:08+01:00\" class=\"wp-block-latest-posts__post-date\">September 9, 2025<\/time><div class=\"wp-block-latest-posts__post-excerpt\"><\/div><\/li>\n<li><a class=\"wp-block-latest-posts__post-title\" href=\"https:\/\/etape.lescontamines.org\/en\/periode-disponible\/\">Available period<\/a><time datetime=\"2023-12-26T17:19:59+01:00\" class=\"wp-block-latest-posts__post-date\">December 26, 2023<\/time><div class=\"wp-block-latest-posts__post-excerpt\">Our beautiful area of Les Contamines Montjoie has the chance to have beautiful snowy slopes. Take a look at the webcams of the domain;-) https:\/\/www.lescontamines.net\/webcam.html We still have some availability for the first two weeks of January. If you are a player you can book 4 days before your arrival and you get the Lastminute &hellip; <p class=\"link-more\"><a href=\"https:\/\/etape.lescontamines.org\/en\/periode-disponible\/\" class=\"more-link\">Continue reading<span class=\"screen-reader-text\"> &#8220;Available period&#8221;<\/span><\/a><\/p><\/div><\/li>\n<li><a class=\"wp-block-latest-posts__post-title\" href=\"https:\/\/etape.lescontamines.org\/en\/ouverture-hivernal-2023-2024\/\">Winter opening 2023-2024<\/a><time datetime=\"2023-12-26T17:11:51+01:00\" class=\"wp-block-latest-posts__post-date\">December 26, 2023<\/time><div class=\"wp-block-latest-posts__post-excerpt\">We are happy to welcome you to our hotel this winter. Do not hesitate to look at our cottage rental\u2026. It has just been renovated;-)<\/div><\/li>\n<li><a class=\"wp-block-latest-posts__post-title\" href=\"https:\/\/etape.lescontamines.org\/en\/ouverture-estivale\/\">Ouverture estivale<\/a><time datetime=\"2022-06-02T08:57:27+01:00\" class=\"wp-block-latest-posts__post-date\">June 2, 2022<\/time><div class=\"wp-block-latest-posts__post-excerpt\"><\/div><\/li>\n<li><a class=\"wp-block-latest-posts__post-title\" href=\"https:\/\/etape.lescontamines.org\/en\/last-minute\/\">Last Minute<\/a><time datetime=\"2021-12-28T10:06:27+01:00\" class=\"wp-block-latest-posts__post-date\">December 28, 2021<\/time><div class=\"wp-block-latest-posts__post-excerpt\"><\/div><\/li>\n<\/ul>\n\n\n<p><\/p>\n","protected":false},"excerpt":{"rendered":"<p>!! Information Ete 2024 !! The stage hotel is closed during the summer season The Gite 6 people remains available for rent. Come and enjoy a cool summer break in our mountains. Gite at 1400 m altitude, access to swimming lakes and games for children facing the dome of the miage! Price and reservation on &hellip; <\/p>\n<p class=\"link-more\"><a href=\"https:\/\/etape.lescontamines.org\/en\/informations\/\" class=\"more-link\">Continue reading<span class=\"screen-reader-text\"> &#8220;Informations&#8221;<\/span><\/a><\/p>\n","protected":false},"author":1,"featured_media":404,"parent":0,"menu_order":0,"comment_status":"closed","ping_status":"closed","template":"","meta":{"footnotes":""},"class_list":["post-322","page","type-page","status-publish","has-post-thumbnail","hentry"],"yoast_head":"<!-- This site is optimized with the Yoast SEO plugin v24.6 - https:\/\/yoast.com\/wordpress\/plugins\/seo\/ -->\n<title>Informations - L&#039;Etape chalet Hotel<\/title>\n<meta name=\"robots\" content=\"index, follow, max-snippet:-1, max-image-preview:large, max-video-preview:-1\" \/>\n<link rel=\"canonical\" href=\"https:\/\/etape.lescontamines.org\/informations\/\" \/>\n<meta property=\"og:locale\" content=\"en_GB\" \/>\n<meta property=\"og:type\" content=\"article\" \/>\n<meta property=\"og:title\" content=\"Informations - L&#039;Etape chalet Hotel\" \/>\n<meta property=\"og:description\" content=\"!! Information Ete 2024 !! The stage hotel is closed during the summer season The Gite 6 people remains available for rent. Come and enjoy a cool summer break in our mountains. Gite at 1400 m altitude, access to swimming lakes and games for children facing the dome of the miage! Price and reservation on &hellip; Continue reading &quot;Informations&quot;\" \/>\n<meta property=\"og:url\" content=\"https:\/\/etape.lescontamines.org\/informations\/\" \/>\n<meta property=\"og:site_name\" content=\"L&#039;Etape chalet Hotel\" \/>\n<meta property=\"article:publisher\" content=\"https:\/\/www.facebook.com\/ChaletEtape\/\" \/>\n<meta property=\"article:modified_time\" content=\"2024-04-08T07:37:37+00:00\" \/>\n<meta property=\"og:image\" content=\"https:\/\/etape.lescontamines.org\/wp-content\/uploads\/2020\/03\/resto-1-720.jpg\" \/>\n\t<meta property=\"og:image:width\" content=\"1082\" \/>\n\t<meta property=\"og:image:height\" content=\"720\" \/>\n\t<meta property=\"og:image:type\" content=\"image\/jpeg\" \/>\n<meta name=\"twitter:card\" content=\"summary_large_image\" \/>\n<meta name=\"twitter:label1\" content=\"Est. reading time\" \/>\n\t<meta name=\"twitter:data1\" content=\"1 minute\" \/>\n<script type=\"application\/ld+json\" class=\"yoast-schema-graph\">{\"@context\":\"https:\/\/schema.org\",\"@graph\":[{\"@type\":\"WebPage\",\"@id\":\"https:\/\/etape.lescontamines.org\/informations\/\",\"url\":\"https:\/\/etape.lescontamines.org\/informations\/\",\"name\":\"Informations - L'Etape chalet Hotel\",\"isPartOf\":{\"@id\":\"https:\/\/etape.lescontamines.org\/#website\"},\"primaryImageOfPage\":{\"@id\":\"https:\/\/etape.lescontamines.org\/informations\/#primaryimage\"},\"image\":{\"@id\":\"https:\/\/etape.lescontamines.org\/informations\/#primaryimage\"},\"thumbnailUrl\":\"https:\/\/etape.lescontamines.org\/wp-content\/uploads\/2020\/03\/resto-1-720.jpg\",\"datePublished\":\"2020-03-25T19:37:35+00:00\",\"dateModified\":\"2024-04-08T07:37:37+00:00\",\"breadcrumb\":{\"@id\":\"https:\/\/etape.lescontamines.org\/informations\/#breadcrumb\"},\"inLanguage\":\"en-GB\",\"potentialAction\":[{\"@type\":\"ReadAction\",\"target\":[\"https:\/\/etape.lescontamines.org\/informations\/\"]}]},{\"@type\":\"ImageObject\",\"inLanguage\":\"en-GB\",\"@id\":\"https:\/\/etape.lescontamines.org\/informations\/#primaryimage\",\"url\":\"https:\/\/etape.lescontamines.org\/wp-content\/uploads\/2020\/03\/resto-1-720.jpg\",\"contentUrl\":\"https:\/\/etape.lescontamines.org\/wp-content\/uploads\/2020\/03\/resto-1-720.jpg\",\"width\":1082,\"height\":720},{\"@type\":\"BreadcrumbList\",\"@id\":\"https:\/\/etape.lescontamines.org\/informations\/#breadcrumb\",\"itemListElement\":[{\"@type\":\"ListItem\",\"position\":1,\"name\":\"Accueil\",\"item\":\"https:\/\/etape.lescontamines.org\/\"},{\"@type\":\"ListItem\",\"position\":2,\"name\":\"Informations\"}]},{\"@type\":\"WebSite\",\"@id\":\"https:\/\/etape.lescontamines.org\/#website\",\"url\":\"https:\/\/etape.lescontamines.org\/\",\"name\":\"L'Etape chalet Hotel\",\"description\":\"Les Contamines-Montjoie ski resort\",\"publisher\":{\"@id\":\"https:\/\/etape.lescontamines.org\/#organization\"},\"potentialAction\":[{\"@type\":\"SearchAction\",\"target\":{\"@type\":\"EntryPoint\",\"urlTemplate\":\"https:\/\/etape.lescontamines.org\/?s={search_term_string}\"},\"query-input\":{\"@type\":\"PropertyValueSpecification\",\"valueRequired\":true,\"valueName\":\"search_term_string\"}}],\"inLanguage\":\"en-GB\"},{\"@type\":\"Organization\",\"@id\":\"https:\/\/etape.lescontamines.org\/#organization\",\"name\":\"L'Etape chalet Hotel\",\"url\":\"https:\/\/etape.lescontamines.org\/\",\"logo\":{\"@type\":\"ImageObject\",\"inLanguage\":\"en-GB\",\"@id\":\"https:\/\/etape.lescontamines.org\/#\/schema\/logo\/image\/\",\"url\":\"https:\/\/etape.lescontamines.org\/wp-content\/uploads\/2020\/03\/cropped-L-Etape-logo-small.png\",\"contentUrl\":\"https:\/\/etape.lescontamines.org\/wp-content\/uploads\/2020\/03\/cropped-L-Etape-logo-small.png\",\"width\":566,\"height\":250,\"caption\":\"L'Etape chalet Hotel\"},\"image\":{\"@id\":\"https:\/\/etape.lescontamines.org\/#\/schema\/logo\/image\/\"},\"sameAs\":[\"https:\/\/www.facebook.com\/ChaletEtape\/\"]}]}<\/script>\n<!-- \/ Yoast SEO plugin. -->","yoast_head_json":{"title":"Informations - L'Etape chalet Hotel","robots":{"index":"index","follow":"follow","max-snippet":"max-snippet:-1","max-image-preview":"max-image-preview:large","max-video-preview":"max-video-preview:-1"},"canonical":"https:\/\/etape.lescontamines.org\/informations\/","og_locale":"en_GB","og_type":"article","og_title":"Informations - L'Etape chalet Hotel","og_description":"!! Information Ete 2024 !! The stage hotel is closed during the summer season The Gite 6 people remains available for rent. Come and enjoy a cool summer break in our mountains. Gite at 1400 m altitude, access to swimming lakes and games for children facing the dome of the miage! Price and reservation on &hellip; Continue reading \"Informations\"","og_url":"https:\/\/etape.lescontamines.org\/informations\/","og_site_name":"L'Etape chalet Hotel","article_publisher":"https:\/\/www.facebook.com\/ChaletEtape\/","article_modified_time":"2024-04-08T07:37:37+00:00","og_image":[{"width":1082,"height":720,"url":"https:\/\/etape.lescontamines.org\/wp-content\/uploads\/2020\/03\/resto-1-720.jpg","type":"image\/jpeg"}],"twitter_card":"summary_large_image","twitter_misc":{"Est. reading time":"1 minute"},"schema":{"@context":"https:\/\/schema.org","@graph":[{"@type":"WebPage","@id":"https:\/\/etape.lescontamines.org\/informations\/","url":"https:\/\/etape.lescontamines.org\/informations\/","name":"Informations - L'Etape chalet Hotel","isPartOf":{"@id":"https:\/\/etape.lescontamines.org\/#website"},"primaryImageOfPage":{"@id":"https:\/\/etape.lescontamines.org\/informations\/#primaryimage"},"image":{"@id":"https:\/\/etape.lescontamines.org\/informations\/#primaryimage"},"thumbnailUrl":"https:\/\/etape.lescontamines.org\/wp-content\/uploads\/2020\/03\/resto-1-720.jpg","datePublished":"2020-03-25T19:37:35+00:00","dateModified":"2024-04-08T07:37:37+00:00","breadcrumb":{"@id":"https:\/\/etape.lescontamines.org\/informations\/#breadcrumb"},"inLanguage":"en-GB","potentialAction":[{"@type":"ReadAction","target":["https:\/\/etape.lescontamines.org\/informations\/"]}]},{"@type":"ImageObject","inLanguage":"en-GB","@id":"https:\/\/etape.lescontamines.org\/informations\/#primaryimage","url":"https:\/\/etape.lescontamines.org\/wp-content\/uploads\/2020\/03\/resto-1-720.jpg","contentUrl":"https:\/\/etape.lescontamines.org\/wp-content\/uploads\/2020\/03\/resto-1-720.jpg","width":1082,"height":720},{"@type":"BreadcrumbList","@id":"https:\/\/etape.lescontamines.org\/informations\/#breadcrumb","itemListElement":[{"@type":"ListItem","position":1,"name":"Accueil","item":"https:\/\/etape.lescontamines.org\/"},{"@type":"ListItem","position":2,"name":"Informations"}]},{"@type":"WebSite","@id":"https:\/\/etape.lescontamines.org\/#website","url":"https:\/\/etape.lescontamines.org\/","name":"L'Etape chalet Hotel","description":"Les Contamines-Montjoie ski resort","publisher":{"@id":"https:\/\/etape.lescontamines.org\/#organization"},"potentialAction":[{"@type":"SearchAction","target":{"@type":"EntryPoint","urlTemplate":"https:\/\/etape.lescontamines.org\/?s={search_term_string}"},"query-input":{"@type":"PropertyValueSpecification","valueRequired":true,"valueName":"search_term_string"}}],"inLanguage":"en-GB"},{"@type":"Organization","@id":"https:\/\/etape.lescontamines.org\/#organization","name":"L'Etape chalet Hotel","url":"https:\/\/etape.lescontamines.org\/","logo":{"@type":"ImageObject","inLanguage":"en-GB","@id":"https:\/\/etape.lescontamines.org\/#\/schema\/logo\/image\/","url":"https:\/\/etape.lescontamines.org\/wp-content\/uploads\/2020\/03\/cropped-L-Etape-logo-small.png","contentUrl":"https:\/\/etape.lescontamines.org\/wp-content\/uploads\/2020\/03\/cropped-L-Etape-logo-small.png","width":566,"height":250,"caption":"L'Etape chalet Hotel"},"image":{"@id":"https:\/\/etape.lescontamines.org\/#\/schema\/logo\/image\/"},"sameAs":["https:\/\/www.facebook.com\/ChaletEtape\/"]}]}},"_links":{"self":[{"href":"https:\/\/etape.lescontamines.org\/en\/wp-json\/wp\/v2\/pages\/322","targetHints":{"allow":["GET"]}}],"collection":[{"href":"https:\/\/etape.lescontamines.org\/en\/wp-json\/wp\/v2\/pages"}],"about":[{"href":"https:\/\/etape.lescontamines.org\/en\/wp-json\/wp\/v2\/types\/page"}],"author":[{"embeddable":true,"href":"https:\/\/etape.lescontamines.org\/en\/wp-json\/wp\/v2\/users\/1"}],"replies":[{"embeddable":true,"href":"https:\/\/etape.lescontamines.org\/en\/wp-json\/wp\/v2\/comments?post=322"}],"version-history":[{"count":8,"href":"https:\/\/etape.lescontamines.org\/en\/wp-json\/wp\/v2\/pages\/322\/revisions"}],"predecessor-version":[{"id":874,"href":"https:\/\/etape.lescontamines.org\/en\/wp-json\/wp\/v2\/pages\/322\/revisions\/874"}],"wp:featuredmedia":[{"embeddable":true,"href":"https:\/\/etape.lescontamines.org\/en\/wp-json\/wp\/v2\/media\/404"}],"wp:attachment":[{"href":"https:\/\/etape.lescontamines.org\/en\/wp-json\/wp\/v2\/media?parent=322"}],"curies":[{"name":"wp","href":"https:\/\/api.w.org\/{rel}","templated":true}]}}