{"id":657,"date":"2022-09-15T15:28:03","date_gmt":"2022-09-15T14:28:03","guid":{"rendered":"https:\/\/etape.lescontamines.org\/?page_id=657"},"modified":"2025-09-10T08:27:24","modified_gmt":"2025-09-10T07:27:24","slug":"forfaits-de-ski","status":"publish","type":"page","link":"https:\/\/etape.lescontamines.org\/en\/forfaits-de-ski\/","title":{"rendered":"Forfaits de ski"},"content":{"rendered":"\n<p>S\u00e9journez dans notre h\u00f4tel et profitez de r\u00e9ductions exclusives sur vos forfaits de ski !<\/p>\n\n\n\n<h2 class=\"wp-block-heading\">En p\u00e9riode de vacances scolaires : <strong>&#8211; 15%<\/strong><\/h2>\n\n\n\n<p><br>Du samedi 20 d\u00e9cembre 2025 au vendredi 04 Janvier 2026<br>Du samedi 07 f\u00e9vrier 2026 au vendredi 08 Mars 2026<\/p>\n\n\n\n<h2 class=\"wp-block-heading\">Hors vacances scolaires : <strong>&#8211; 20%<\/strong><\/h2>\n\n\n\n<p>Du samedi 05 Janvier 2026 au vendredi 06 F\u00e9vrier 2026<br>Du samedi 09 Mars 2026 au vendredi 22 Mars 2026<\/p>\n\n\n\n<h2 class=\"wp-block-heading\">Ski de printemps : <strong>&#8211; 30%<\/strong><\/h2>\n\n\n\n<p>Du 13 D\u00e9cembre au 19 d\u00e9cembre 2025<br>Du samedi 23 mars 2026 \u00e0 la fermeture<\/p>\n\n\n\n<figure class=\"wp-block-gallery has-nested-images columns-default is-cropped wp-block-gallery-1 is-layout-flex wp-block-gallery-is-layout-flex\"><\/figure>\n\n\n\n<figure class=\"wp-block-gallery has-nested-images columns-default is-cropped wp-block-gallery-2 is-layout-flex wp-block-gallery-is-layout-flex\"><\/figure>\n","protected":false},"excerpt":{"rendered":"<p>Stay at our hotel and enjoy exclusive discounts on your ski passes! En p\u00e9riode de vacances scolaires : &#8211; 15% From Saturday 20 December 2025 to Friday 04 January 2026 From Saturday 07 February 2026 to Friday 08 March 2026 Hors vacances scolaires : &#8211; 20% From Saturday 05 January 2026 to Friday 06 February &hellip; <\/p>\n<p class=\"link-more\"><a href=\"https:\/\/etape.lescontamines.org\/en\/forfaits-de-ski\/\" class=\"more-link\">Continue reading<span class=\"screen-reader-text\"> &#8220;Forfaits de ski&#8221;<\/span><\/a><\/p>\n","protected":false},"author":1,"featured_media":0,"parent":0,"menu_order":0,"comment_status":"closed","ping_status":"closed","template":"","meta":{"footnotes":""},"class_list":["post-657","page","type-page","status-publish","hentry"],"yoast_head":"<!-- This site is optimized with the Yoast SEO plugin v24.6 - https:\/\/yoast.com\/wordpress\/plugins\/seo\/ -->\n<title>Forfaits de ski - L&#039;Etape chalet Hotel<\/title>\n<meta name=\"robots\" content=\"index, follow, max-snippet:-1, max-image-preview:large, max-video-preview:-1\" \/>\n<link rel=\"canonical\" href=\"https:\/\/etape.lescontamines.org\/forfaits-de-ski\/\" \/>\n<meta property=\"og:locale\" content=\"en_GB\" \/>\n<meta property=\"og:type\" content=\"article\" \/>\n<meta property=\"og:title\" content=\"Forfaits de ski - L&#039;Etape chalet Hotel\" \/>\n<meta property=\"og:description\" content=\"Stay at our hotel and enjoy exclusive discounts on your ski passes! En p\u00e9riode de vacances scolaires : &#8211; 15% From Saturday 20 December 2025 to Friday 04 January 2026 From Saturday 07 February 2026 to Friday 08 March 2026 Hors vacances scolaires : &#8211; 20% From Saturday 05 January 2026 to Friday 06 February &hellip; Continue reading &quot;Forfaits de ski&quot;\" \/>\n<meta property=\"og:url\" content=\"https:\/\/etape.lescontamines.org\/forfaits-de-ski\/\" \/>\n<meta property=\"og:site_name\" content=\"L&#039;Etape chalet Hotel\" \/>\n<meta property=\"article:publisher\" content=\"https:\/\/www.facebook.com\/ChaletEtape\/\" \/>\n<meta property=\"article:modified_time\" content=\"2025-09-10T07:27:24+00:00\" \/>\n<meta name=\"twitter:card\" content=\"summary_large_image\" \/>\n<meta name=\"twitter:label1\" content=\"Est. reading time\" \/>\n\t<meta name=\"twitter:data1\" content=\"1 minute\" \/>\n<script type=\"application\/ld+json\" class=\"yoast-schema-graph\">{\"@context\":\"https:\/\/schema.org\",\"@graph\":[{\"@type\":\"WebPage\",\"@id\":\"https:\/\/etape.lescontamines.org\/forfaits-de-ski\/\",\"url\":\"https:\/\/etape.lescontamines.org\/forfaits-de-ski\/\",\"name\":\"Forfaits de ski - L'Etape chalet Hotel\",\"isPartOf\":{\"@id\":\"https:\/\/etape.lescontamines.org\/#website\"},\"datePublished\":\"2022-09-15T14:28:03+00:00\",\"dateModified\":\"2025-09-10T07:27:24+00:00\",\"breadcrumb\":{\"@id\":\"https:\/\/etape.lescontamines.org\/forfaits-de-ski\/#breadcrumb\"},\"inLanguage\":\"en-GB\",\"potentialAction\":[{\"@type\":\"ReadAction\",\"target\":[\"https:\/\/etape.lescontamines.org\/forfaits-de-ski\/\"]}]},{\"@type\":\"BreadcrumbList\",\"@id\":\"https:\/\/etape.lescontamines.org\/forfaits-de-ski\/#breadcrumb\",\"itemListElement\":[{\"@type\":\"ListItem\",\"position\":1,\"name\":\"Accueil\",\"item\":\"https:\/\/etape.lescontamines.org\/\"},{\"@type\":\"ListItem\",\"position\":2,\"name\":\"Forfaits de ski\"}]},{\"@type\":\"WebSite\",\"@id\":\"https:\/\/etape.lescontamines.org\/#website\",\"url\":\"https:\/\/etape.lescontamines.org\/\",\"name\":\"L'Etape chalet Hotel\",\"description\":\"Les Contamines-Montjoie ski resort\",\"publisher\":{\"@id\":\"https:\/\/etape.lescontamines.org\/#organization\"},\"potentialAction\":[{\"@type\":\"SearchAction\",\"target\":{\"@type\":\"EntryPoint\",\"urlTemplate\":\"https:\/\/etape.lescontamines.org\/?s={search_term_string}\"},\"query-input\":{\"@type\":\"PropertyValueSpecification\",\"valueRequired\":true,\"valueName\":\"search_term_string\"}}],\"inLanguage\":\"en-GB\"},{\"@type\":\"Organization\",\"@id\":\"https:\/\/etape.lescontamines.org\/#organization\",\"name\":\"L'Etape chalet Hotel\",\"url\":\"https:\/\/etape.lescontamines.org\/\",\"logo\":{\"@type\":\"ImageObject\",\"inLanguage\":\"en-GB\",\"@id\":\"https:\/\/etape.lescontamines.org\/#\/schema\/logo\/image\/\",\"url\":\"https:\/\/etape.lescontamines.org\/wp-content\/uploads\/2020\/03\/cropped-L-Etape-logo-small.png\",\"contentUrl\":\"https:\/\/etape.lescontamines.org\/wp-content\/uploads\/2020\/03\/cropped-L-Etape-logo-small.png\",\"width\":566,\"height\":250,\"caption\":\"L'Etape chalet Hotel\"},\"image\":{\"@id\":\"https:\/\/etape.lescontamines.org\/#\/schema\/logo\/image\/\"},\"sameAs\":[\"https:\/\/www.facebook.com\/ChaletEtape\/\"]}]}<\/script>\n<!-- \/ Yoast SEO plugin. -->","yoast_head_json":{"title":"Forfaits de ski - L'Etape chalet Hotel","robots":{"index":"index","follow":"follow","max-snippet":"max-snippet:-1","max-image-preview":"max-image-preview:large","max-video-preview":"max-video-preview:-1"},"canonical":"https:\/\/etape.lescontamines.org\/forfaits-de-ski\/","og_locale":"en_GB","og_type":"article","og_title":"Forfaits de ski - L'Etape chalet Hotel","og_description":"Stay at our hotel and enjoy exclusive discounts on your ski passes! En p\u00e9riode de vacances scolaires : &#8211; 15% From Saturday 20 December 2025 to Friday 04 January 2026 From Saturday 07 February 2026 to Friday 08 March 2026 Hors vacances scolaires : &#8211; 20% From Saturday 05 January 2026 to Friday 06 February &hellip; Continue reading \"Forfaits de ski\"","og_url":"https:\/\/etape.lescontamines.org\/forfaits-de-ski\/","og_site_name":"L'Etape chalet Hotel","article_publisher":"https:\/\/www.facebook.com\/ChaletEtape\/","article_modified_time":"2025-09-10T07:27:24+00:00","twitter_card":"summary_large_image","twitter_misc":{"Est. reading time":"1 minute"},"schema":{"@context":"https:\/\/schema.org","@graph":[{"@type":"WebPage","@id":"https:\/\/etape.lescontamines.org\/forfaits-de-ski\/","url":"https:\/\/etape.lescontamines.org\/forfaits-de-ski\/","name":"Forfaits de ski - L'Etape chalet Hotel","isPartOf":{"@id":"https:\/\/etape.lescontamines.org\/#website"},"datePublished":"2022-09-15T14:28:03+00:00","dateModified":"2025-09-10T07:27:24+00:00","breadcrumb":{"@id":"https:\/\/etape.lescontamines.org\/forfaits-de-ski\/#breadcrumb"},"inLanguage":"en-GB","potentialAction":[{"@type":"ReadAction","target":["https:\/\/etape.lescontamines.org\/forfaits-de-ski\/"]}]},{"@type":"BreadcrumbList","@id":"https:\/\/etape.lescontamines.org\/forfaits-de-ski\/#breadcrumb","itemListElement":[{"@type":"ListItem","position":1,"name":"Accueil","item":"https:\/\/etape.lescontamines.org\/"},{"@type":"ListItem","position":2,"name":"Forfaits de ski"}]},{"@type":"WebSite","@id":"https:\/\/etape.lescontamines.org\/#website","url":"https:\/\/etape.lescontamines.org\/","name":"L'Etape chalet Hotel","description":"Les Contamines-Montjoie ski resort","publisher":{"@id":"https:\/\/etape.lescontamines.org\/#organization"},"potentialAction":[{"@type":"SearchAction","target":{"@type":"EntryPoint","urlTemplate":"https:\/\/etape.lescontamines.org\/?s={search_term_string}"},"query-input":{"@type":"PropertyValueSpecification","valueRequired":true,"valueName":"search_term_string"}}],"inLanguage":"en-GB"},{"@type":"Organization","@id":"https:\/\/etape.lescontamines.org\/#organization","name":"L'Etape chalet Hotel","url":"https:\/\/etape.lescontamines.org\/","logo":{"@type":"ImageObject","inLanguage":"en-GB","@id":"https:\/\/etape.lescontamines.org\/#\/schema\/logo\/image\/","url":"https:\/\/etape.lescontamines.org\/wp-content\/uploads\/2020\/03\/cropped-L-Etape-logo-small.png","contentUrl":"https:\/\/etape.lescontamines.org\/wp-content\/uploads\/2020\/03\/cropped-L-Etape-logo-small.png","width":566,"height":250,"caption":"L'Etape chalet Hotel"},"image":{"@id":"https:\/\/etape.lescontamines.org\/#\/schema\/logo\/image\/"},"sameAs":["https:\/\/www.facebook.com\/ChaletEtape\/"]}]}},"_links":{"self":[{"href":"https:\/\/etape.lescontamines.org\/en\/wp-json\/wp\/v2\/pages\/657","targetHints":{"allow":["GET"]}}],"collection":[{"href":"https:\/\/etape.lescontamines.org\/en\/wp-json\/wp\/v2\/pages"}],"about":[{"href":"https:\/\/etape.lescontamines.org\/en\/wp-json\/wp\/v2\/types\/page"}],"author":[{"embeddable":true,"href":"https:\/\/etape.lescontamines.org\/en\/wp-json\/wp\/v2\/users\/1"}],"replies":[{"embeddable":true,"href":"https:\/\/etape.lescontamines.org\/en\/wp-json\/wp\/v2\/comments?post=657"}],"version-history":[{"count":13,"href":"https:\/\/etape.lescontamines.org\/en\/wp-json\/wp\/v2\/pages\/657\/revisions"}],"predecessor-version":[{"id":967,"href":"https:\/\/etape.lescontamines.org\/en\/wp-json\/wp\/v2\/pages\/657\/revisions\/967"}],"wp:attachment":[{"href":"https:\/\/etape.lescontamines.org\/en\/wp-json\/wp\/v2\/media?parent=657"}],"curies":[{"name":"wp","href":"https:\/\/api.w.org\/{rel}","templated":true}]}}