{"id":732,"date":"2023-12-26T16:13:07","date_gmt":"2023-12-26T15:13:07","guid":{"rendered":"https:\/\/etape.lescontamines.org\/?page_id=732"},"modified":"2024-01-08T15:29:33","modified_gmt":"2024-01-08T14:29:33","slug":"bienvenue","status":"publish","type":"page","link":"https:\/\/etape.lescontamines.org\/en\/","title":{"rendered":"Welcome"},"content":{"rendered":"\n<p>Chalet H\u00f4tel-restaurant l\u2019\u00c9tape un lieu charg\u00e9 d\u2019histoire locale.<\/p>\n\n\n\n<p>Ancien chalet alpin, situ\u00e9 \u00e0 1470m d\u2019altitude, transform\u00e9 en restaurant en 1949, avec l\u2019apparition des premi\u00e8res remont\u00e9es m\u00e9caniques.<\/p>\n\n\n\n<figure class=\"wp-block-image size-large\"><img loading=\"lazy\" decoding=\"async\" width=\"1024\" height=\"714\" src=\"https:\/\/etape.lescontamines.org\/wp-content\/uploads\/2023\/12\/ETAPE-passe-1-1024x714.jpg\" alt=\"\" class=\"wp-image-733\" srcset=\"https:\/\/etape.lescontamines.org\/wp-content\/uploads\/2023\/12\/ETAPE-passe-1-1024x714.jpg 1024w, https:\/\/etape.lescontamines.org\/wp-content\/uploads\/2023\/12\/ETAPE-passe-1-300x209.jpg 300w, https:\/\/etape.lescontamines.org\/wp-content\/uploads\/2023\/12\/ETAPE-passe-1-768x536.jpg 768w, https:\/\/etape.lescontamines.org\/wp-content\/uploads\/2023\/12\/ETAPE-passe-1-1536x1072.jpg 1536w, https:\/\/etape.lescontamines.org\/wp-content\/uploads\/2023\/12\/ETAPE-passe-1.jpg 1730w\" sizes=\"auto, (max-width: 767px) 89vw, (max-width: 1000px) 54vw, (max-width: 1071px) 543px, 580px\" \/><\/figure>\n\n\n\n<figure class=\"wp-block-gallery has-nested-images columns-default is-cropped wp-block-gallery-1 is-layout-flex wp-block-gallery-is-layout-flex\">\n<figure class=\"wp-block-image size-large\"><img loading=\"lazy\" decoding=\"async\" width=\"1024\" height=\"676\" data-id=\"734\" src=\"https:\/\/etape.lescontamines.org\/wp-content\/uploads\/2023\/12\/ETAPE-passe-2-1024x676.jpg\" alt=\"\" class=\"wp-image-734\" srcset=\"https:\/\/etape.lescontamines.org\/wp-content\/uploads\/2023\/12\/ETAPE-passe-2-1024x676.jpg 1024w, https:\/\/etape.lescontamines.org\/wp-content\/uploads\/2023\/12\/ETAPE-passe-2-300x198.jpg 300w, https:\/\/etape.lescontamines.org\/wp-content\/uploads\/2023\/12\/ETAPE-passe-2-768x507.jpg 768w, https:\/\/etape.lescontamines.org\/wp-content\/uploads\/2023\/12\/ETAPE-passe-2-1536x1014.jpg 1536w, https:\/\/etape.lescontamines.org\/wp-content\/uploads\/2023\/12\/ETAPE-passe-2.jpg 1636w\" sizes=\"auto, (max-width: 767px) 89vw, (max-width: 1000px) 54vw, (max-width: 1071px) 543px, 580px\" \/><\/figure>\n\n\n\n<figure class=\"wp-block-image size-large\"><img loading=\"lazy\" decoding=\"async\" width=\"1024\" height=\"994\" data-id=\"735\" src=\"https:\/\/etape.lescontamines.org\/wp-content\/uploads\/2023\/12\/ETAPE-passe-3-1024x994.jpg\" alt=\"\" class=\"wp-image-735\" srcset=\"https:\/\/etape.lescontamines.org\/wp-content\/uploads\/2023\/12\/ETAPE-passe-3-1024x994.jpg 1024w, https:\/\/etape.lescontamines.org\/wp-content\/uploads\/2023\/12\/ETAPE-passe-3-300x291.jpg 300w, https:\/\/etape.lescontamines.org\/wp-content\/uploads\/2023\/12\/ETAPE-passe-3-768x745.jpg 768w, https:\/\/etape.lescontamines.org\/wp-content\/uploads\/2023\/12\/ETAPE-passe-3.jpg 1113w\" sizes=\"auto, (max-width: 767px) 89vw, (max-width: 1000px) 54vw, (max-width: 1071px) 543px, 580px\" \/><\/figure>\n<\/figure>\n\n\n\n<p>Suite \u00e0 la cr\u00e9ation du lac du lieu-dit les Tappes et au d\u00e9veloppement de la station des Contamines Montjoie le chalet alpin a \u00e9t\u00e9 r\u00e9nov\u00e9 et le Chalet h\u00f4tel-restaurant est n\u00e9 en 1999.<\/p>\n\n\n\n<figure class=\"wp-block-gallery has-nested-images columns-default is-cropped wp-block-gallery-2 is-layout-flex wp-block-gallery-is-layout-flex\">\n<figure class=\"wp-block-image size-large\"><img loading=\"lazy\" decoding=\"async\" width=\"1024\" height=\"640\" data-id=\"736\" src=\"https:\/\/etape.lescontamines.org\/wp-content\/uploads\/2023\/12\/Etape-hiver-1024x640.png\" alt=\"\" class=\"wp-image-736\" srcset=\"https:\/\/etape.lescontamines.org\/wp-content\/uploads\/2023\/12\/Etape-hiver-1024x640.png 1024w, https:\/\/etape.lescontamines.org\/wp-content\/uploads\/2023\/12\/Etape-hiver-300x188.png 300w, https:\/\/etape.lescontamines.org\/wp-content\/uploads\/2023\/12\/Etape-hiver-768x480.png 768w, https:\/\/etape.lescontamines.org\/wp-content\/uploads\/2023\/12\/Etape-hiver.png 1152w\" sizes=\"auto, (max-width: 767px) 89vw, (max-width: 1000px) 54vw, (max-width: 1071px) 543px, 580px\" \/><\/figure>\n\n\n\n<figure class=\"wp-block-image size-large\"><img loading=\"lazy\" decoding=\"async\" width=\"1024\" height=\"681\" data-id=\"850\" src=\"https:\/\/etape.lescontamines.org\/wp-content\/uploads\/2023\/12\/internet-1024x681.jpg\" alt=\"\" class=\"wp-image-850\" srcset=\"https:\/\/etape.lescontamines.org\/wp-content\/uploads\/2023\/12\/internet-1024x681.jpg 1024w, https:\/\/etape.lescontamines.org\/wp-content\/uploads\/2023\/12\/internet-300x200.jpg 300w, https:\/\/etape.lescontamines.org\/wp-content\/uploads\/2023\/12\/internet-768x511.jpg 768w, https:\/\/etape.lescontamines.org\/wp-content\/uploads\/2023\/12\/internet.jpg 1500w\" sizes=\"auto, (max-width: 767px) 89vw, (max-width: 1000px) 54vw, (max-width: 1071px) 543px, 580px\" \/><\/figure>\n<\/figure>\n\n\n\n<p>Situ\u00e9 \u00e0 1470m d\u2019altitude, le chalet H\u00f4tel Restaurant Bar l\u2019\u00c9tape vous accueille pour un repas ou un s\u00e9jour au c\u0153ur du domaine skiable des Contamines. L\u2019\u00e9tape est accessible en t\u00e9l\u00e9cabine (t\u00e9l\u00e9cabine Montjoie\/Gorge) ou en raquettes.<\/p>\n","protected":false},"excerpt":{"rendered":"<p>Chalet Hotel-restaurant l&#8217;\u00c9tape a place steeped in local history. Old alpine chalet, located at 1470m altitude, transformed into a restaurant in 1949, with the appearance of the first ski lifts. Following the creation of the lake of the locality Tappes and the development of the resort of Les Contamines Montjoie the alpine chalet was renovated &hellip; <\/p>\n<p class=\"link-more\"><a href=\"https:\/\/etape.lescontamines.org\/en\/\" class=\"more-link\">Continue reading<span class=\"screen-reader-text\"> &#8220;Welcome&#8221;<\/span><\/a><\/p>\n","protected":false},"author":2,"featured_media":0,"parent":0,"menu_order":0,"comment_status":"closed","ping_status":"closed","template":"","meta":{"footnotes":""},"class_list":["post-732","page","type-page","status-publish","hentry"],"yoast_head":"<!-- This site is optimized with the Yoast SEO plugin v24.6 - https:\/\/yoast.com\/wordpress\/plugins\/seo\/ -->\n<title>Bienvenue - L&#039;Etape chalet Hotel<\/title>\n<meta name=\"robots\" content=\"index, follow, max-snippet:-1, max-image-preview:large, max-video-preview:-1\" \/>\n<link rel=\"canonical\" href=\"https:\/\/etape.lescontamines.org\/\" \/>\n<meta property=\"og:locale\" content=\"en_GB\" \/>\n<meta property=\"og:type\" content=\"article\" \/>\n<meta property=\"og:title\" content=\"Bienvenue - L&#039;Etape chalet Hotel\" \/>\n<meta property=\"og:description\" content=\"Chalet Hotel-restaurant l&#8217;\u00c9tape a place steeped in local history. Old alpine chalet, located at 1470m altitude, transformed into a restaurant in 1949, with the appearance of the first ski lifts. Following the creation of the lake of the locality Tappes and the development of the resort of Les Contamines Montjoie the alpine chalet was renovated &hellip; Continue reading &quot;Welcome&quot;\" \/>\n<meta property=\"og:url\" content=\"https:\/\/etape.lescontamines.org\/\" \/>\n<meta property=\"og:site_name\" content=\"L&#039;Etape chalet Hotel\" \/>\n<meta property=\"article:publisher\" content=\"https:\/\/www.facebook.com\/ChaletEtape\/\" \/>\n<meta property=\"article:modified_time\" content=\"2024-01-08T14:29:33+00:00\" \/>\n<meta property=\"og:image\" content=\"https:\/\/etape.lescontamines.org\/wp-content\/uploads\/2023\/12\/ETAPE-passe-1-1024x714.jpg\" \/>\n<meta name=\"twitter:card\" content=\"summary_large_image\" \/>\n<meta name=\"twitter:label1\" content=\"Est. reading time\" \/>\n\t<meta name=\"twitter:data1\" content=\"2 minutes\" \/>\n<script type=\"application\/ld+json\" class=\"yoast-schema-graph\">{\"@context\":\"https:\/\/schema.org\",\"@graph\":[{\"@type\":\"WebPage\",\"@id\":\"https:\/\/etape.lescontamines.org\/\",\"url\":\"https:\/\/etape.lescontamines.org\/\",\"name\":\"Bienvenue - L'Etape chalet Hotel\",\"isPartOf\":{\"@id\":\"https:\/\/etape.lescontamines.org\/#website\"},\"primaryImageOfPage\":{\"@id\":\"https:\/\/etape.lescontamines.org\/#primaryimage\"},\"image\":{\"@id\":\"https:\/\/etape.lescontamines.org\/#primaryimage\"},\"thumbnailUrl\":\"https:\/\/etape.lescontamines.org\/wp-content\/uploads\/2023\/12\/ETAPE-passe-1-1024x714.jpg\",\"datePublished\":\"2023-12-26T15:13:07+00:00\",\"dateModified\":\"2024-01-08T14:29:33+00:00\",\"breadcrumb\":{\"@id\":\"https:\/\/etape.lescontamines.org\/#breadcrumb\"},\"inLanguage\":\"en-GB\",\"potentialAction\":[{\"@type\":\"ReadAction\",\"target\":[\"https:\/\/etape.lescontamines.org\/\"]}]},{\"@type\":\"ImageObject\",\"inLanguage\":\"en-GB\",\"@id\":\"https:\/\/etape.lescontamines.org\/#primaryimage\",\"url\":\"https:\/\/etape.lescontamines.org\/wp-content\/uploads\/2023\/12\/ETAPE-passe-1-1024x714.jpg\",\"contentUrl\":\"https:\/\/etape.lescontamines.org\/wp-content\/uploads\/2023\/12\/ETAPE-passe-1-1024x714.jpg\"},{\"@type\":\"BreadcrumbList\",\"@id\":\"https:\/\/etape.lescontamines.org\/#breadcrumb\",\"itemListElement\":[{\"@type\":\"ListItem\",\"position\":1,\"name\":\"Accueil\",\"item\":\"https:\/\/etape.lescontamines.org\/\"},{\"@type\":\"ListItem\",\"position\":2,\"name\":\"Bienvenue\"}]},{\"@type\":\"WebSite\",\"@id\":\"https:\/\/etape.lescontamines.org\/#website\",\"url\":\"https:\/\/etape.lescontamines.org\/\",\"name\":\"L'Etape chalet Hotel\",\"description\":\"Les Contamines-Montjoie ski resort\",\"publisher\":{\"@id\":\"https:\/\/etape.lescontamines.org\/#organization\"},\"potentialAction\":[{\"@type\":\"SearchAction\",\"target\":{\"@type\":\"EntryPoint\",\"urlTemplate\":\"https:\/\/etape.lescontamines.org\/?s={search_term_string}\"},\"query-input\":{\"@type\":\"PropertyValueSpecification\",\"valueRequired\":true,\"valueName\":\"search_term_string\"}}],\"inLanguage\":\"en-GB\"},{\"@type\":\"Organization\",\"@id\":\"https:\/\/etape.lescontamines.org\/#organization\",\"name\":\"L'Etape chalet Hotel\",\"url\":\"https:\/\/etape.lescontamines.org\/\",\"logo\":{\"@type\":\"ImageObject\",\"inLanguage\":\"en-GB\",\"@id\":\"https:\/\/etape.lescontamines.org\/#\/schema\/logo\/image\/\",\"url\":\"https:\/\/etape.lescontamines.org\/wp-content\/uploads\/2020\/03\/cropped-L-Etape-logo-small.png\",\"contentUrl\":\"https:\/\/etape.lescontamines.org\/wp-content\/uploads\/2020\/03\/cropped-L-Etape-logo-small.png\",\"width\":566,\"height\":250,\"caption\":\"L'Etape chalet Hotel\"},\"image\":{\"@id\":\"https:\/\/etape.lescontamines.org\/#\/schema\/logo\/image\/\"},\"sameAs\":[\"https:\/\/www.facebook.com\/ChaletEtape\/\"]}]}<\/script>\n<!-- \/ Yoast SEO plugin. -->","yoast_head_json":{"title":"Bienvenue - L'Etape chalet Hotel","robots":{"index":"index","follow":"follow","max-snippet":"max-snippet:-1","max-image-preview":"max-image-preview:large","max-video-preview":"max-video-preview:-1"},"canonical":"https:\/\/etape.lescontamines.org\/","og_locale":"en_GB","og_type":"article","og_title":"Bienvenue - L'Etape chalet Hotel","og_description":"Chalet Hotel-restaurant l&#8217;\u00c9tape a place steeped in local history. Old alpine chalet, located at 1470m altitude, transformed into a restaurant in 1949, with the appearance of the first ski lifts. Following the creation of the lake of the locality Tappes and the development of the resort of Les Contamines Montjoie the alpine chalet was renovated &hellip; Continue reading \"Welcome\"","og_url":"https:\/\/etape.lescontamines.org\/","og_site_name":"L'Etape chalet Hotel","article_publisher":"https:\/\/www.facebook.com\/ChaletEtape\/","article_modified_time":"2024-01-08T14:29:33+00:00","og_image":[{"url":"https:\/\/etape.lescontamines.org\/wp-content\/uploads\/2023\/12\/ETAPE-passe-1-1024x714.jpg","type":"","width":"","height":""}],"twitter_card":"summary_large_image","twitter_misc":{"Est. reading time":"2 minutes"},"schema":{"@context":"https:\/\/schema.org","@graph":[{"@type":"WebPage","@id":"https:\/\/etape.lescontamines.org\/","url":"https:\/\/etape.lescontamines.org\/","name":"Bienvenue - L'Etape chalet Hotel","isPartOf":{"@id":"https:\/\/etape.lescontamines.org\/#website"},"primaryImageOfPage":{"@id":"https:\/\/etape.lescontamines.org\/#primaryimage"},"image":{"@id":"https:\/\/etape.lescontamines.org\/#primaryimage"},"thumbnailUrl":"https:\/\/etape.lescontamines.org\/wp-content\/uploads\/2023\/12\/ETAPE-passe-1-1024x714.jpg","datePublished":"2023-12-26T15:13:07+00:00","dateModified":"2024-01-08T14:29:33+00:00","breadcrumb":{"@id":"https:\/\/etape.lescontamines.org\/#breadcrumb"},"inLanguage":"en-GB","potentialAction":[{"@type":"ReadAction","target":["https:\/\/etape.lescontamines.org\/"]}]},{"@type":"ImageObject","inLanguage":"en-GB","@id":"https:\/\/etape.lescontamines.org\/#primaryimage","url":"https:\/\/etape.lescontamines.org\/wp-content\/uploads\/2023\/12\/ETAPE-passe-1-1024x714.jpg","contentUrl":"https:\/\/etape.lescontamines.org\/wp-content\/uploads\/2023\/12\/ETAPE-passe-1-1024x714.jpg"},{"@type":"BreadcrumbList","@id":"https:\/\/etape.lescontamines.org\/#breadcrumb","itemListElement":[{"@type":"ListItem","position":1,"name":"Accueil","item":"https:\/\/etape.lescontamines.org\/"},{"@type":"ListItem","position":2,"name":"Bienvenue"}]},{"@type":"WebSite","@id":"https:\/\/etape.lescontamines.org\/#website","url":"https:\/\/etape.lescontamines.org\/","name":"L'Etape chalet Hotel","description":"Les Contamines-Montjoie ski resort","publisher":{"@id":"https:\/\/etape.lescontamines.org\/#organization"},"potentialAction":[{"@type":"SearchAction","target":{"@type":"EntryPoint","urlTemplate":"https:\/\/etape.lescontamines.org\/?s={search_term_string}"},"query-input":{"@type":"PropertyValueSpecification","valueRequired":true,"valueName":"search_term_string"}}],"inLanguage":"en-GB"},{"@type":"Organization","@id":"https:\/\/etape.lescontamines.org\/#organization","name":"L'Etape chalet Hotel","url":"https:\/\/etape.lescontamines.org\/","logo":{"@type":"ImageObject","inLanguage":"en-GB","@id":"https:\/\/etape.lescontamines.org\/#\/schema\/logo\/image\/","url":"https:\/\/etape.lescontamines.org\/wp-content\/uploads\/2020\/03\/cropped-L-Etape-logo-small.png","contentUrl":"https:\/\/etape.lescontamines.org\/wp-content\/uploads\/2020\/03\/cropped-L-Etape-logo-small.png","width":566,"height":250,"caption":"L'Etape chalet Hotel"},"image":{"@id":"https:\/\/etape.lescontamines.org\/#\/schema\/logo\/image\/"},"sameAs":["https:\/\/www.facebook.com\/ChaletEtape\/"]}]}},"_links":{"self":[{"href":"https:\/\/etape.lescontamines.org\/en\/wp-json\/wp\/v2\/pages\/732","targetHints":{"allow":["GET"]}}],"collection":[{"href":"https:\/\/etape.lescontamines.org\/en\/wp-json\/wp\/v2\/pages"}],"about":[{"href":"https:\/\/etape.lescontamines.org\/en\/wp-json\/wp\/v2\/types\/page"}],"author":[{"embeddable":true,"href":"https:\/\/etape.lescontamines.org\/en\/wp-json\/wp\/v2\/users\/2"}],"replies":[{"embeddable":true,"href":"https:\/\/etape.lescontamines.org\/en\/wp-json\/wp\/v2\/comments?post=732"}],"version-history":[{"count":13,"href":"https:\/\/etape.lescontamines.org\/en\/wp-json\/wp\/v2\/pages\/732\/revisions"}],"predecessor-version":[{"id":862,"href":"https:\/\/etape.lescontamines.org\/en\/wp-json\/wp\/v2\/pages\/732\/revisions\/862"}],"wp:attachment":[{"href":"https:\/\/etape.lescontamines.org\/en\/wp-json\/wp\/v2\/media?parent=732"}],"curies":[{"name":"wp","href":"https:\/\/api.w.org\/{rel}","templated":true}]}}