{"id":739,"date":"2023-12-26T14:01:37","date_gmt":"2023-12-26T13:01:37","guid":{"rendered":"https:\/\/etape.lescontamines.org\/?page_id=739"},"modified":"2025-09-10T08:21:20","modified_gmt":"2025-09-10T07:21:20","slug":"tarifs-hotel","status":"publish","type":"page","link":"https:\/\/etape.lescontamines.org\/en\/tarifs-hotel\/","title":{"rendered":"Hotel rates"},"content":{"rendered":"\n<figure class=\"wp-block-gallery has-nested-images columns-default is-cropped wp-block-gallery-1 is-layout-flex wp-block-gallery-is-layout-flex\">\n<figure class=\"wp-block-image size-large\"><img loading=\"lazy\" decoding=\"async\" width=\"566\" height=\"250\" data-id=\"745\" src=\"https:\/\/etape.lescontamines.org\/wp-content\/uploads\/2023\/12\/Logo-Etape-detourer-1.png\" alt=\"\" class=\"wp-image-745\" srcset=\"https:\/\/etape.lescontamines.org\/wp-content\/uploads\/2023\/12\/Logo-Etape-detourer-1.png 566w, https:\/\/etape.lescontamines.org\/wp-content\/uploads\/2023\/12\/Logo-Etape-detourer-1-300x133.png 300w\" sizes=\"auto, (max-width: 566px) 100vw, 566px\" \/><\/figure>\n<\/figure>\n\n\n\n<div class=\"wp-block-group\"><div class=\"wp-block-group__inner-container is-layout-constrained wp-block-group-is-layout-constrained\">\n<figure class=\"wp-block-table\"><table><tbody><tr><td class=\"has-text-align-left\" data-align=\"left\"><strong>Nuit\u00e9e en demi-pension<\/strong><\/td><\/tr><tr><td class=\"has-text-align-left\" data-align=\"left\"><span style=\"text-decoration: underline;\">Tarif Chambre Standard (Chambre avec les toilettes communes)<\/span><br>Enfant \u2013 5 ans gratuit<br>Tarif Enfant de 5 \u00e0 14 ans: 70 \u20ac<br>Tarif 15 ans et plus : 88 \u20ac<br>&#8212;<em> Prix par personne \/ jour, d\u00eener et petit d\u00e9jeuner compris + 1<\/em><sup><em>er<\/em><\/sup><em>mont\u00e9e pi\u00e9ton en<\/em><br><em>t\u00e9l\u00e9cabine inclus &#8212;<\/em><\/td><\/tr><tr><td class=\"has-text-align-left\" data-align=\"left\"><span style=\"text-decoration: underline;\">Tarif Chambre Confort (Chambre avec les Toilettes privatives)<\/span><br>Enfant \u2013 5 ans gratuit<br>Enfant de 5 \u00e0 14 ans: 77 \u20ac<br>Tarif 15 ans et plus: 97 \u20ac<br><em>&#8212; Prix par personne \/ jour, d\u00eener et petit d\u00e9jeuner compris + 1<\/em><sup><em>er<\/em><\/sup><em>mont\u00e9e pi\u00e9ton en t\u00e9l\u00e9cabine inclus &#8212;<\/em><\/td><\/tr><\/tbody><\/table><\/figure>\n<\/div><\/div>\n\n\n\n<figure class=\"wp-block-table\"><table><tbody><tr><td class=\"has-text-align-left\" data-align=\"left\"><strong>Formule Semaine 7 nuits en demi-pension<\/strong><\/td><\/tr><tr><td class=\"has-text-align-left\" data-align=\"left\"><span style=\"text-decoration: underline;\">Tarif Chambre Standard (Chambre avec les toilettes communes)<\/span><br>Enfant \u2013 5 ans gratuit<br>Tarif Enfant de 5 \u00e0 14 ans: 440 \u20ac<br>Tarif 15 ans et plus : 550 \u20ac<br><em>&#8212; Prix par personne \/ jour, d\u00eener et petit d\u00e9jeuner compris + 1<\/em><sup><em>er<\/em><\/sup><em>mont\u00e9e pi\u00e9ton en<\/em><br><em>t\u00e9l\u00e9cabine inclus &#8212;<\/em><\/td><\/tr><tr><td class=\"has-text-align-left\" data-align=\"left\"><span style=\"text-decoration: underline;\">Tarif Chambre Confort (Chambre avec les Toilettes privatives)<\/span><br>Enfant \u2013 5 ans gratuit<br>Tarif Enfant de 5 \u00e0 14 ans: 475 \u20ac<br>Tarif 15 ans et plus : 615 \u20ac<br><em>&#8212; Prix par personne \/ jour, d\u00eener et petit d\u00e9jeuner compris + 1 <\/em><sup><em>er<\/em><\/sup><em> mont\u00e9e pi\u00e9ton en t\u00e9l\u00e9cabine inclus &#8212;<\/em><\/td><\/tr><\/tbody><\/table><\/figure>\n\n\n\n<figure class=\"wp-block-table\"><table><tbody><tr><td class=\"has-text-align-left\" data-align=\"left\"><strong>Formule Week-end 2 nuits en demi-pension<\/strong><br><strong>(Vendredi\/samedi ou Samedi\/dimanche)<\/strong><\/td><\/tr><tr><td class=\"has-text-align-left\" data-align=\"left\"><span style=\"text-decoration: underline;\">Tarif Chambre Standard (Chambre avec les toilettes communes)<\/span><br>Enfant \u2013 5 ans gratuit<br>Tarif Enfant de 5 \u00e0 14 ans: 130 \u20ac<br>Tarif 15 ans et plus : 166 \u20ac<br><em>&#8212; Prix par personne \/ jour, d\u00eener et petit d\u00e9jeuner compris + 1<\/em><sup><em>er<\/em><\/sup><em>mont\u00e9e pi\u00e9ton en<\/em><br><em>t\u00e9l\u00e9cabine inclus &#8212;<\/em><\/td><\/tr><tr><td class=\"has-text-align-left\" data-align=\"left\"><span style=\"text-decoration: underline;\">Tarif Chambre Confort (Chambre avec les Toilettes privatives)<\/span><br>Enfant \u2013 5 ans gratuit<br>Tarif Enfant de 5 \u00e0 14 ans: 144 \u20ac<br>Tarif 15 ans et plus : 184 \u20ac<br><em>&#8212; Prix par personne \/ jour, d\u00eener et petit d\u00e9jeuner compris + 1 <\/em><sup><em>er<\/em><\/sup><em> mont\u00e9e pi\u00e9ton en t\u00e9l\u00e9cabine inclus &#8212;<\/em><\/td><\/tr><\/tbody><\/table><\/figure>\n\n\n\n<p class=\"has-text-align-center\"><strong><span style=\"text-decoration: underline;\"><em>Services compris pour les clients de l\u2019H\u00f4tel s\u00e9choir \u00e0 chaussures de ski + local s\u00e9curis\u00e9 pour skis<\/em> + acc\u00e8s salle TV et jeux + Wifi + Service bar (18h &#8211; 20h30)<\/span><\/strong><\/p>\n","protected":false},"excerpt":{"rendered":"<p>Overnight stay in half board Standard Room Rate (Room with shared toilet)Child \u2013 5 years freeChild from 5 to 14 years: 70 \u20acPrice 15 years and over: 88 \u20ac&#8212; Price per person\/day, dinner and breakfast included + 1st pedestrian ingondola included &#8212; Comfort Room (Room with private toilet)Child \u2013 5 years freeChild from 5 to &hellip; <\/p>\n<p class=\"link-more\"><a href=\"https:\/\/etape.lescontamines.org\/en\/tarifs-hotel\/\" class=\"more-link\">Continue reading<span class=\"screen-reader-text\"> &#8220;Hotel rates&#8221;<\/span><\/a><\/p>\n","protected":false},"author":2,"featured_media":0,"parent":0,"menu_order":0,"comment_status":"closed","ping_status":"closed","template":"","meta":{"footnotes":""},"class_list":["post-739","page","type-page","status-publish","hentry"],"yoast_head":"<!-- This site is optimized with the Yoast SEO plugin v24.6 - https:\/\/yoast.com\/wordpress\/plugins\/seo\/ -->\n<title>Tarifs H\u00f4tel - L&#039;Etape chalet Hotel<\/title>\n<meta name=\"robots\" content=\"index, follow, max-snippet:-1, max-image-preview:large, max-video-preview:-1\" \/>\n<link rel=\"canonical\" href=\"https:\/\/etape.lescontamines.org\/tarifs-hotel\/\" \/>\n<meta property=\"og:locale\" content=\"en_GB\" \/>\n<meta property=\"og:type\" content=\"article\" \/>\n<meta property=\"og:title\" content=\"Tarifs H\u00f4tel - L&#039;Etape chalet Hotel\" \/>\n<meta property=\"og:description\" content=\"Overnight stay in half board Standard Room Rate (Room with shared toilet)Child \u2013 5 years freeChild from 5 to 14 years: 70 \u20acPrice 15 years and over: 88 \u20ac&#8212; Price per person\/day, dinner and breakfast included + 1st pedestrian ingondola included &#8212; Comfort Room (Room with private toilet)Child \u2013 5 years freeChild from 5 to &hellip; Continue reading &quot;Hotel rates&quot;\" \/>\n<meta property=\"og:url\" content=\"https:\/\/etape.lescontamines.org\/tarifs-hotel\/\" \/>\n<meta property=\"og:site_name\" content=\"L&#039;Etape chalet Hotel\" \/>\n<meta property=\"article:publisher\" content=\"https:\/\/www.facebook.com\/ChaletEtape\/\" \/>\n<meta property=\"article:modified_time\" content=\"2025-09-10T07:21:20+00:00\" \/>\n<meta property=\"og:image\" content=\"https:\/\/etape.lescontamines.org\/wp-content\/uploads\/2023\/12\/Logo-Etape-detourer-1.png\" \/>\n\t<meta property=\"og:image:width\" content=\"566\" \/>\n\t<meta property=\"og:image:height\" content=\"250\" \/>\n\t<meta property=\"og:image:type\" content=\"image\/png\" \/>\n<meta name=\"twitter:card\" content=\"summary_large_image\" \/>\n<meta name=\"twitter:label1\" content=\"Est. reading time\" \/>\n\t<meta name=\"twitter:data1\" content=\"2 minutes\" \/>\n<script type=\"application\/ld+json\" class=\"yoast-schema-graph\">{\"@context\":\"https:\/\/schema.org\",\"@graph\":[{\"@type\":\"WebPage\",\"@id\":\"https:\/\/etape.lescontamines.org\/tarifs-hotel\/\",\"url\":\"https:\/\/etape.lescontamines.org\/tarifs-hotel\/\",\"name\":\"Tarifs H\u00f4tel - L'Etape chalet Hotel\",\"isPartOf\":{\"@id\":\"https:\/\/etape.lescontamines.org\/#website\"},\"primaryImageOfPage\":{\"@id\":\"https:\/\/etape.lescontamines.org\/tarifs-hotel\/#primaryimage\"},\"image\":{\"@id\":\"https:\/\/etape.lescontamines.org\/tarifs-hotel\/#primaryimage\"},\"thumbnailUrl\":\"https:\/\/etape.lescontamines.org\/wp-content\/uploads\/2023\/12\/Logo-Etape-detourer-1.png\",\"datePublished\":\"2023-12-26T13:01:37+00:00\",\"dateModified\":\"2025-09-10T07:21:20+00:00\",\"breadcrumb\":{\"@id\":\"https:\/\/etape.lescontamines.org\/tarifs-hotel\/#breadcrumb\"},\"inLanguage\":\"en-GB\",\"potentialAction\":[{\"@type\":\"ReadAction\",\"target\":[\"https:\/\/etape.lescontamines.org\/tarifs-hotel\/\"]}]},{\"@type\":\"ImageObject\",\"inLanguage\":\"en-GB\",\"@id\":\"https:\/\/etape.lescontamines.org\/tarifs-hotel\/#primaryimage\",\"url\":\"https:\/\/etape.lescontamines.org\/wp-content\/uploads\/2023\/12\/Logo-Etape-detourer-1.png\",\"contentUrl\":\"https:\/\/etape.lescontamines.org\/wp-content\/uploads\/2023\/12\/Logo-Etape-detourer-1.png\"},{\"@type\":\"BreadcrumbList\",\"@id\":\"https:\/\/etape.lescontamines.org\/tarifs-hotel\/#breadcrumb\",\"itemListElement\":[{\"@type\":\"ListItem\",\"position\":1,\"name\":\"Accueil\",\"item\":\"https:\/\/etape.lescontamines.org\/\"},{\"@type\":\"ListItem\",\"position\":2,\"name\":\"Tarifs H\u00f4tel\"}]},{\"@type\":\"WebSite\",\"@id\":\"https:\/\/etape.lescontamines.org\/#website\",\"url\":\"https:\/\/etape.lescontamines.org\/\",\"name\":\"L'Etape chalet Hotel\",\"description\":\"Les Contamines-Montjoie ski resort\",\"publisher\":{\"@id\":\"https:\/\/etape.lescontamines.org\/#organization\"},\"potentialAction\":[{\"@type\":\"SearchAction\",\"target\":{\"@type\":\"EntryPoint\",\"urlTemplate\":\"https:\/\/etape.lescontamines.org\/?s={search_term_string}\"},\"query-input\":{\"@type\":\"PropertyValueSpecification\",\"valueRequired\":true,\"valueName\":\"search_term_string\"}}],\"inLanguage\":\"en-GB\"},{\"@type\":\"Organization\",\"@id\":\"https:\/\/etape.lescontamines.org\/#organization\",\"name\":\"L'Etape chalet Hotel\",\"url\":\"https:\/\/etape.lescontamines.org\/\",\"logo\":{\"@type\":\"ImageObject\",\"inLanguage\":\"en-GB\",\"@id\":\"https:\/\/etape.lescontamines.org\/#\/schema\/logo\/image\/\",\"url\":\"https:\/\/etape.lescontamines.org\/wp-content\/uploads\/2020\/03\/cropped-L-Etape-logo-small.png\",\"contentUrl\":\"https:\/\/etape.lescontamines.org\/wp-content\/uploads\/2020\/03\/cropped-L-Etape-logo-small.png\",\"width\":566,\"height\":250,\"caption\":\"L'Etape chalet Hotel\"},\"image\":{\"@id\":\"https:\/\/etape.lescontamines.org\/#\/schema\/logo\/image\/\"},\"sameAs\":[\"https:\/\/www.facebook.com\/ChaletEtape\/\"]}]}<\/script>\n<!-- \/ Yoast SEO plugin. -->","yoast_head_json":{"title":"Tarifs H\u00f4tel - L'Etape chalet Hotel","robots":{"index":"index","follow":"follow","max-snippet":"max-snippet:-1","max-image-preview":"max-image-preview:large","max-video-preview":"max-video-preview:-1"},"canonical":"https:\/\/etape.lescontamines.org\/tarifs-hotel\/","og_locale":"en_GB","og_type":"article","og_title":"Tarifs H\u00f4tel - L'Etape chalet Hotel","og_description":"Overnight stay in half board Standard Room Rate (Room with shared toilet)Child \u2013 5 years freeChild from 5 to 14 years: 70 \u20acPrice 15 years and over: 88 \u20ac&#8212; Price per person\/day, dinner and breakfast included + 1st pedestrian ingondola included &#8212; Comfort Room (Room with private toilet)Child \u2013 5 years freeChild from 5 to &hellip; Continue reading \"Hotel rates\"","og_url":"https:\/\/etape.lescontamines.org\/tarifs-hotel\/","og_site_name":"L'Etape chalet Hotel","article_publisher":"https:\/\/www.facebook.com\/ChaletEtape\/","article_modified_time":"2025-09-10T07:21:20+00:00","og_image":[{"width":566,"height":250,"url":"https:\/\/etape.lescontamines.org\/wp-content\/uploads\/2023\/12\/Logo-Etape-detourer-1.png","type":"image\/png"}],"twitter_card":"summary_large_image","twitter_misc":{"Est. reading time":"2 minutes"},"schema":{"@context":"https:\/\/schema.org","@graph":[{"@type":"WebPage","@id":"https:\/\/etape.lescontamines.org\/tarifs-hotel\/","url":"https:\/\/etape.lescontamines.org\/tarifs-hotel\/","name":"Tarifs H\u00f4tel - L'Etape chalet Hotel","isPartOf":{"@id":"https:\/\/etape.lescontamines.org\/#website"},"primaryImageOfPage":{"@id":"https:\/\/etape.lescontamines.org\/tarifs-hotel\/#primaryimage"},"image":{"@id":"https:\/\/etape.lescontamines.org\/tarifs-hotel\/#primaryimage"},"thumbnailUrl":"https:\/\/etape.lescontamines.org\/wp-content\/uploads\/2023\/12\/Logo-Etape-detourer-1.png","datePublished":"2023-12-26T13:01:37+00:00","dateModified":"2025-09-10T07:21:20+00:00","breadcrumb":{"@id":"https:\/\/etape.lescontamines.org\/tarifs-hotel\/#breadcrumb"},"inLanguage":"en-GB","potentialAction":[{"@type":"ReadAction","target":["https:\/\/etape.lescontamines.org\/tarifs-hotel\/"]}]},{"@type":"ImageObject","inLanguage":"en-GB","@id":"https:\/\/etape.lescontamines.org\/tarifs-hotel\/#primaryimage","url":"https:\/\/etape.lescontamines.org\/wp-content\/uploads\/2023\/12\/Logo-Etape-detourer-1.png","contentUrl":"https:\/\/etape.lescontamines.org\/wp-content\/uploads\/2023\/12\/Logo-Etape-detourer-1.png"},{"@type":"BreadcrumbList","@id":"https:\/\/etape.lescontamines.org\/tarifs-hotel\/#breadcrumb","itemListElement":[{"@type":"ListItem","position":1,"name":"Accueil","item":"https:\/\/etape.lescontamines.org\/"},{"@type":"ListItem","position":2,"name":"Tarifs H\u00f4tel"}]},{"@type":"WebSite","@id":"https:\/\/etape.lescontamines.org\/#website","url":"https:\/\/etape.lescontamines.org\/","name":"L'Etape chalet Hotel","description":"Les Contamines-Montjoie ski resort","publisher":{"@id":"https:\/\/etape.lescontamines.org\/#organization"},"potentialAction":[{"@type":"SearchAction","target":{"@type":"EntryPoint","urlTemplate":"https:\/\/etape.lescontamines.org\/?s={search_term_string}"},"query-input":{"@type":"PropertyValueSpecification","valueRequired":true,"valueName":"search_term_string"}}],"inLanguage":"en-GB"},{"@type":"Organization","@id":"https:\/\/etape.lescontamines.org\/#organization","name":"L'Etape chalet Hotel","url":"https:\/\/etape.lescontamines.org\/","logo":{"@type":"ImageObject","inLanguage":"en-GB","@id":"https:\/\/etape.lescontamines.org\/#\/schema\/logo\/image\/","url":"https:\/\/etape.lescontamines.org\/wp-content\/uploads\/2020\/03\/cropped-L-Etape-logo-small.png","contentUrl":"https:\/\/etape.lescontamines.org\/wp-content\/uploads\/2020\/03\/cropped-L-Etape-logo-small.png","width":566,"height":250,"caption":"L'Etape chalet Hotel"},"image":{"@id":"https:\/\/etape.lescontamines.org\/#\/schema\/logo\/image\/"},"sameAs":["https:\/\/www.facebook.com\/ChaletEtape\/"]}]}},"_links":{"self":[{"href":"https:\/\/etape.lescontamines.org\/en\/wp-json\/wp\/v2\/pages\/739","targetHints":{"allow":["GET"]}}],"collection":[{"href":"https:\/\/etape.lescontamines.org\/en\/wp-json\/wp\/v2\/pages"}],"about":[{"href":"https:\/\/etape.lescontamines.org\/en\/wp-json\/wp\/v2\/types\/page"}],"author":[{"embeddable":true,"href":"https:\/\/etape.lescontamines.org\/en\/wp-json\/wp\/v2\/users\/2"}],"replies":[{"embeddable":true,"href":"https:\/\/etape.lescontamines.org\/en\/wp-json\/wp\/v2\/comments?post=739"}],"version-history":[{"count":15,"href":"https:\/\/etape.lescontamines.org\/en\/wp-json\/wp\/v2\/pages\/739\/revisions"}],"predecessor-version":[{"id":957,"href":"https:\/\/etape.lescontamines.org\/en\/wp-json\/wp\/v2\/pages\/739\/revisions\/957"}],"wp:attachment":[{"href":"https:\/\/etape.lescontamines.org\/en\/wp-json\/wp\/v2\/media?parent=739"}],"curies":[{"name":"wp","href":"https:\/\/api.w.org\/{rel}","templated":true}]}}