{"id":748,"date":"2023-12-26T14:02:24","date_gmt":"2023-12-26T13:02:24","guid":{"rendered":"https:\/\/etape.lescontamines.org\/?page_id=748"},"modified":"2023-12-26T16:42:40","modified_gmt":"2023-12-26T15:42:40","slug":"demi-pension","status":"publish","type":"page","link":"https:\/\/etape.lescontamines.org\/en\/demi-pension\/","title":{"rendered":"Half-board"},"content":{"rendered":"\n<h2 class=\"wp-block-heading\"><strong>Le petit d\u00e9jeuner<\/strong><\/h2>\n\n\n\n<p>L&#8217;H\u00f4tel de l&#8217;Etape vous propose un petit d\u00e9jeuner continental copieux pour prendre des forces avant de d\u00e9valer les pistes du domaine skiable des Contamines Montjoie.<\/p>\n\n\n\n<figure class=\"wp-block-gallery has-nested-images columns-default is-cropped wp-block-gallery-1 is-layout-flex wp-block-gallery-is-layout-flex\">\n<figure class=\"wp-block-image size-large\"><img loading=\"lazy\" decoding=\"async\" width=\"1024\" height=\"681\" data-id=\"750\" src=\"https:\/\/etape.lescontamines.org\/wp-content\/uploads\/2023\/12\/breakfast1-1024x681-1.jpg\" alt=\"\" class=\"wp-image-750\" srcset=\"https:\/\/etape.lescontamines.org\/wp-content\/uploads\/2023\/12\/breakfast1-1024x681-1.jpg 1024w, https:\/\/etape.lescontamines.org\/wp-content\/uploads\/2023\/12\/breakfast1-1024x681-1-300x200.jpg 300w, https:\/\/etape.lescontamines.org\/wp-content\/uploads\/2023\/12\/breakfast1-1024x681-1-768x511.jpg 768w\" sizes=\"auto, (max-width: 767px) 89vw, (max-width: 1000px) 54vw, (max-width: 1071px) 543px, 580px\" \/><\/figure>\n\n\n\n<figure class=\"wp-block-image size-large\"><img loading=\"lazy\" decoding=\"async\" width=\"1024\" height=\"681\" data-id=\"749\" src=\"https:\/\/etape.lescontamines.org\/wp-content\/uploads\/2023\/12\/breakfast2-1024x681-1.jpg\" alt=\"\" class=\"wp-image-749\" srcset=\"https:\/\/etape.lescontamines.org\/wp-content\/uploads\/2023\/12\/breakfast2-1024x681-1.jpg 1024w, https:\/\/etape.lescontamines.org\/wp-content\/uploads\/2023\/12\/breakfast2-1024x681-1-300x200.jpg 300w, https:\/\/etape.lescontamines.org\/wp-content\/uploads\/2023\/12\/breakfast2-1024x681-1-768x511.jpg 768w\" sizes=\"auto, (max-width: 767px) 89vw, (max-width: 1000px) 54vw, (max-width: 1071px) 543px, 580px\" \/><\/figure>\n<\/figure>\n\n\n\n<figure class=\"wp-block-gallery has-nested-images columns-default is-cropped wp-block-gallery-2 is-layout-flex wp-block-gallery-is-layout-flex\">\n<figure class=\"wp-block-image size-large\"><img loading=\"lazy\" decoding=\"async\" width=\"681\" height=\"1024\" data-id=\"751\" src=\"https:\/\/etape.lescontamines.org\/wp-content\/uploads\/2023\/12\/breakfast3-681x1024-1.jpg\" alt=\"\" class=\"wp-image-751\" srcset=\"https:\/\/etape.lescontamines.org\/wp-content\/uploads\/2023\/12\/breakfast3-681x1024-1.jpg 681w, https:\/\/etape.lescontamines.org\/wp-content\/uploads\/2023\/12\/breakfast3-681x1024-1-200x300.jpg 200w\" sizes=\"auto, (max-width: 681px) 100vw, 681px\" \/><\/figure>\n\n\n\n<figure class=\"wp-block-image size-large\"><img loading=\"lazy\" decoding=\"async\" width=\"681\" height=\"1024\" data-id=\"752\" src=\"https:\/\/etape.lescontamines.org\/wp-content\/uploads\/2023\/12\/breakfast4-681x1024-1.jpg\" alt=\"\" class=\"wp-image-752\" srcset=\"https:\/\/etape.lescontamines.org\/wp-content\/uploads\/2023\/12\/breakfast4-681x1024-1.jpg 681w, https:\/\/etape.lescontamines.org\/wp-content\/uploads\/2023\/12\/breakfast4-681x1024-1-200x300.jpg 200w\" sizes=\"auto, (max-width: 681px) 100vw, 681px\" \/><\/figure>\n\n\n\n<figure class=\"wp-block-image size-large\"><img loading=\"lazy\" decoding=\"async\" width=\"681\" height=\"1024\" data-id=\"753\" src=\"https:\/\/etape.lescontamines.org\/wp-content\/uploads\/2023\/12\/breakfast5-681x1024-1.jpg\" alt=\"\" class=\"wp-image-753\" srcset=\"https:\/\/etape.lescontamines.org\/wp-content\/uploads\/2023\/12\/breakfast5-681x1024-1.jpg 681w, https:\/\/etape.lescontamines.org\/wp-content\/uploads\/2023\/12\/breakfast5-681x1024-1-200x300.jpg 200w\" sizes=\"auto, (max-width: 681px) 100vw, 681px\" \/><\/figure>\n<\/figure>\n\n\n\n<h2 class=\"wp-block-heading\"><strong>Le repas du soir<\/strong><\/h2>\n\n\n\n<p>Le chef de cuisine vous confectionne un menu diff\u00e9rent tous les soirs. Compos\u00e9 d&#8217;une entr\u00e9e, d&#8217;un plat chaud et d&#8217;un dessert. Des sp\u00e9cialit\u00e9s savoyardes sont pr\u00e9vues durant les s\u00e9jours \u00e0 la semaine. Le repas est servi \u00e0 19h30 dans la salle de restauration.<\/p>\n\n\n\n<p>Les boissons ne sont pas comprises dans la demi-pension, vous avez la possibilit\u00e9 d&#8217;en commander au Bar.<\/p>\n\n\n\n<h2 class=\"wp-block-heading\"><strong>Le Bar<\/strong><\/h2>\n\n\n\n<p>Vous avez la possibilit\u00e9 de commander des boissons au bar de l\u2019\u00e9tape de 18h \u00e0 20h30.<\/p>\n","protected":false},"excerpt":{"rendered":"<p>breakfast The H\u00f4tel de l&#8217;Etape offers a hearty continental breakfast to gain strength before heading down the slopes of the Contamines Montjoie ski area. dinner The chef prepares a different menu every evening. Composed of a starter, a hot dish, a plate of cheese and a dessert. Savoyard specialties are provided during weekly stays. The &hellip; <\/p>\n<p class=\"link-more\"><a href=\"https:\/\/etape.lescontamines.org\/en\/demi-pension\/\" class=\"more-link\">Continue reading<span class=\"screen-reader-text\"> &#8220;Half-board&#8221;<\/span><\/a><\/p>\n","protected":false},"author":2,"featured_media":0,"parent":0,"menu_order":0,"comment_status":"closed","ping_status":"closed","template":"","meta":{"footnotes":""},"class_list":["post-748","page","type-page","status-publish","hentry"],"yoast_head":"<!-- This site is optimized with the Yoast SEO plugin v24.6 - https:\/\/yoast.com\/wordpress\/plugins\/seo\/ -->\n<title>Demi-Pension - L&#039;Etape chalet Hotel<\/title>\n<meta name=\"robots\" content=\"index, follow, max-snippet:-1, max-image-preview:large, max-video-preview:-1\" \/>\n<link rel=\"canonical\" href=\"https:\/\/etape.lescontamines.org\/demi-pension\/\" \/>\n<meta property=\"og:locale\" content=\"en_GB\" \/>\n<meta property=\"og:type\" content=\"article\" \/>\n<meta property=\"og:title\" content=\"Demi-Pension - L&#039;Etape chalet Hotel\" \/>\n<meta property=\"og:description\" content=\"breakfast The H\u00f4tel de l&#8217;Etape offers a hearty continental breakfast to gain strength before heading down the slopes of the Contamines Montjoie ski area. dinner The chef prepares a different menu every evening. Composed of a starter, a hot dish, a plate of cheese and a dessert. Savoyard specialties are provided during weekly stays. The &hellip; Continue reading &quot;Half-board&quot;\" \/>\n<meta property=\"og:url\" content=\"https:\/\/etape.lescontamines.org\/demi-pension\/\" \/>\n<meta property=\"og:site_name\" content=\"L&#039;Etape chalet Hotel\" \/>\n<meta property=\"article:publisher\" content=\"https:\/\/www.facebook.com\/ChaletEtape\/\" \/>\n<meta property=\"article:modified_time\" content=\"2023-12-26T15:42:40+00:00\" \/>\n<meta property=\"og:image\" content=\"https:\/\/etape.lescontamines.org\/wp-content\/uploads\/2023\/12\/breakfast1-1024x681-1.jpg\" \/>\n<meta name=\"twitter:card\" content=\"summary_large_image\" \/>\n<meta name=\"twitter:label1\" content=\"Est. reading time\" \/>\n\t<meta name=\"twitter:data1\" content=\"2 minutes\" \/>\n<script type=\"application\/ld+json\" class=\"yoast-schema-graph\">{\"@context\":\"https:\/\/schema.org\",\"@graph\":[{\"@type\":\"WebPage\",\"@id\":\"https:\/\/etape.lescontamines.org\/demi-pension\/\",\"url\":\"https:\/\/etape.lescontamines.org\/demi-pension\/\",\"name\":\"Demi-Pension - L'Etape chalet Hotel\",\"isPartOf\":{\"@id\":\"https:\/\/etape.lescontamines.org\/#website\"},\"primaryImageOfPage\":{\"@id\":\"https:\/\/etape.lescontamines.org\/demi-pension\/#primaryimage\"},\"image\":{\"@id\":\"https:\/\/etape.lescontamines.org\/demi-pension\/#primaryimage\"},\"thumbnailUrl\":\"https:\/\/etape.lescontamines.org\/wp-content\/uploads\/2023\/12\/breakfast1-1024x681-1.jpg\",\"datePublished\":\"2023-12-26T13:02:24+00:00\",\"dateModified\":\"2023-12-26T15:42:40+00:00\",\"breadcrumb\":{\"@id\":\"https:\/\/etape.lescontamines.org\/demi-pension\/#breadcrumb\"},\"inLanguage\":\"en-GB\",\"potentialAction\":[{\"@type\":\"ReadAction\",\"target\":[\"https:\/\/etape.lescontamines.org\/demi-pension\/\"]}]},{\"@type\":\"ImageObject\",\"inLanguage\":\"en-GB\",\"@id\":\"https:\/\/etape.lescontamines.org\/demi-pension\/#primaryimage\",\"url\":\"https:\/\/etape.lescontamines.org\/wp-content\/uploads\/2023\/12\/breakfast1-1024x681-1.jpg\",\"contentUrl\":\"https:\/\/etape.lescontamines.org\/wp-content\/uploads\/2023\/12\/breakfast1-1024x681-1.jpg\"},{\"@type\":\"BreadcrumbList\",\"@id\":\"https:\/\/etape.lescontamines.org\/demi-pension\/#breadcrumb\",\"itemListElement\":[{\"@type\":\"ListItem\",\"position\":1,\"name\":\"Accueil\",\"item\":\"https:\/\/etape.lescontamines.org\/\"},{\"@type\":\"ListItem\",\"position\":2,\"name\":\"Demi-Pension\"}]},{\"@type\":\"WebSite\",\"@id\":\"https:\/\/etape.lescontamines.org\/#website\",\"url\":\"https:\/\/etape.lescontamines.org\/\",\"name\":\"L'Etape chalet Hotel\",\"description\":\"Les Contamines-Montjoie ski resort\",\"publisher\":{\"@id\":\"https:\/\/etape.lescontamines.org\/#organization\"},\"potentialAction\":[{\"@type\":\"SearchAction\",\"target\":{\"@type\":\"EntryPoint\",\"urlTemplate\":\"https:\/\/etape.lescontamines.org\/?s={search_term_string}\"},\"query-input\":{\"@type\":\"PropertyValueSpecification\",\"valueRequired\":true,\"valueName\":\"search_term_string\"}}],\"inLanguage\":\"en-GB\"},{\"@type\":\"Organization\",\"@id\":\"https:\/\/etape.lescontamines.org\/#organization\",\"name\":\"L'Etape chalet Hotel\",\"url\":\"https:\/\/etape.lescontamines.org\/\",\"logo\":{\"@type\":\"ImageObject\",\"inLanguage\":\"en-GB\",\"@id\":\"https:\/\/etape.lescontamines.org\/#\/schema\/logo\/image\/\",\"url\":\"https:\/\/etape.lescontamines.org\/wp-content\/uploads\/2020\/03\/cropped-L-Etape-logo-small.png\",\"contentUrl\":\"https:\/\/etape.lescontamines.org\/wp-content\/uploads\/2020\/03\/cropped-L-Etape-logo-small.png\",\"width\":566,\"height\":250,\"caption\":\"L'Etape chalet Hotel\"},\"image\":{\"@id\":\"https:\/\/etape.lescontamines.org\/#\/schema\/logo\/image\/\"},\"sameAs\":[\"https:\/\/www.facebook.com\/ChaletEtape\/\"]}]}<\/script>\n<!-- \/ Yoast SEO plugin. -->","yoast_head_json":{"title":"Demi-Pension - L'Etape chalet Hotel","robots":{"index":"index","follow":"follow","max-snippet":"max-snippet:-1","max-image-preview":"max-image-preview:large","max-video-preview":"max-video-preview:-1"},"canonical":"https:\/\/etape.lescontamines.org\/demi-pension\/","og_locale":"en_GB","og_type":"article","og_title":"Demi-Pension - L'Etape chalet Hotel","og_description":"breakfast The H\u00f4tel de l&#8217;Etape offers a hearty continental breakfast to gain strength before heading down the slopes of the Contamines Montjoie ski area. dinner The chef prepares a different menu every evening. Composed of a starter, a hot dish, a plate of cheese and a dessert. Savoyard specialties are provided during weekly stays. The &hellip; Continue reading \"Half-board\"","og_url":"https:\/\/etape.lescontamines.org\/demi-pension\/","og_site_name":"L'Etape chalet Hotel","article_publisher":"https:\/\/www.facebook.com\/ChaletEtape\/","article_modified_time":"2023-12-26T15:42:40+00:00","og_image":[{"url":"https:\/\/etape.lescontamines.org\/wp-content\/uploads\/2023\/12\/breakfast1-1024x681-1.jpg","type":"","width":"","height":""}],"twitter_card":"summary_large_image","twitter_misc":{"Est. reading time":"2 minutes"},"schema":{"@context":"https:\/\/schema.org","@graph":[{"@type":"WebPage","@id":"https:\/\/etape.lescontamines.org\/demi-pension\/","url":"https:\/\/etape.lescontamines.org\/demi-pension\/","name":"Demi-Pension - L'Etape chalet Hotel","isPartOf":{"@id":"https:\/\/etape.lescontamines.org\/#website"},"primaryImageOfPage":{"@id":"https:\/\/etape.lescontamines.org\/demi-pension\/#primaryimage"},"image":{"@id":"https:\/\/etape.lescontamines.org\/demi-pension\/#primaryimage"},"thumbnailUrl":"https:\/\/etape.lescontamines.org\/wp-content\/uploads\/2023\/12\/breakfast1-1024x681-1.jpg","datePublished":"2023-12-26T13:02:24+00:00","dateModified":"2023-12-26T15:42:40+00:00","breadcrumb":{"@id":"https:\/\/etape.lescontamines.org\/demi-pension\/#breadcrumb"},"inLanguage":"en-GB","potentialAction":[{"@type":"ReadAction","target":["https:\/\/etape.lescontamines.org\/demi-pension\/"]}]},{"@type":"ImageObject","inLanguage":"en-GB","@id":"https:\/\/etape.lescontamines.org\/demi-pension\/#primaryimage","url":"https:\/\/etape.lescontamines.org\/wp-content\/uploads\/2023\/12\/breakfast1-1024x681-1.jpg","contentUrl":"https:\/\/etape.lescontamines.org\/wp-content\/uploads\/2023\/12\/breakfast1-1024x681-1.jpg"},{"@type":"BreadcrumbList","@id":"https:\/\/etape.lescontamines.org\/demi-pension\/#breadcrumb","itemListElement":[{"@type":"ListItem","position":1,"name":"Accueil","item":"https:\/\/etape.lescontamines.org\/"},{"@type":"ListItem","position":2,"name":"Demi-Pension"}]},{"@type":"WebSite","@id":"https:\/\/etape.lescontamines.org\/#website","url":"https:\/\/etape.lescontamines.org\/","name":"L'Etape chalet Hotel","description":"Les Contamines-Montjoie ski resort","publisher":{"@id":"https:\/\/etape.lescontamines.org\/#organization"},"potentialAction":[{"@type":"SearchAction","target":{"@type":"EntryPoint","urlTemplate":"https:\/\/etape.lescontamines.org\/?s={search_term_string}"},"query-input":{"@type":"PropertyValueSpecification","valueRequired":true,"valueName":"search_term_string"}}],"inLanguage":"en-GB"},{"@type":"Organization","@id":"https:\/\/etape.lescontamines.org\/#organization","name":"L'Etape chalet Hotel","url":"https:\/\/etape.lescontamines.org\/","logo":{"@type":"ImageObject","inLanguage":"en-GB","@id":"https:\/\/etape.lescontamines.org\/#\/schema\/logo\/image\/","url":"https:\/\/etape.lescontamines.org\/wp-content\/uploads\/2020\/03\/cropped-L-Etape-logo-small.png","contentUrl":"https:\/\/etape.lescontamines.org\/wp-content\/uploads\/2020\/03\/cropped-L-Etape-logo-small.png","width":566,"height":250,"caption":"L'Etape chalet Hotel"},"image":{"@id":"https:\/\/etape.lescontamines.org\/#\/schema\/logo\/image\/"},"sameAs":["https:\/\/www.facebook.com\/ChaletEtape\/"]}]}},"_links":{"self":[{"href":"https:\/\/etape.lescontamines.org\/en\/wp-json\/wp\/v2\/pages\/748","targetHints":{"allow":["GET"]}}],"collection":[{"href":"https:\/\/etape.lescontamines.org\/en\/wp-json\/wp\/v2\/pages"}],"about":[{"href":"https:\/\/etape.lescontamines.org\/en\/wp-json\/wp\/v2\/types\/page"}],"author":[{"embeddable":true,"href":"https:\/\/etape.lescontamines.org\/en\/wp-json\/wp\/v2\/users\/2"}],"replies":[{"embeddable":true,"href":"https:\/\/etape.lescontamines.org\/en\/wp-json\/wp\/v2\/comments?post=748"}],"version-history":[{"count":17,"href":"https:\/\/etape.lescontamines.org\/en\/wp-json\/wp\/v2\/pages\/748\/revisions"}],"predecessor-version":[{"id":821,"href":"https:\/\/etape.lescontamines.org\/en\/wp-json\/wp\/v2\/pages\/748\/revisions\/821"}],"wp:attachment":[{"href":"https:\/\/etape.lescontamines.org\/en\/wp-json\/wp\/v2\/media?parent=748"}],"curies":[{"name":"wp","href":"https:\/\/api.w.org\/{rel}","templated":true}]}}