{"id":785,"date":"2023-12-26T14:01:13","date_gmt":"2023-12-26T13:01:13","guid":{"rendered":"https:\/\/etape.lescontamines.org\/?page_id=785"},"modified":"2025-09-10T08:22:45","modified_gmt":"2025-09-10T07:22:45","slug":"tarif-chalet","status":"publish","type":"page","link":"https:\/\/etape.lescontamines.org\/en\/tarif-chalet\/","title":{"rendered":"Chalet rate"},"content":{"rendered":"\n<p><\/p>\n\n\n\n<div class=\"wp-block-columns is-layout-flex wp-container-core-columns-is-layout-9d6595d7 wp-block-columns-is-layout-flex\">\n<div class=\"wp-block-column is-layout-flow wp-block-column-is-layout-flow\" style=\"flex-basis:100%\">\n<figure class=\"wp-block-table aligncenter\"><table><tbody><tr><td class=\"has-text-align-center\" data-align=\"center\"><strong>Location Chalet ind\u00e9pendant<\/strong><\/td><\/tr><tr><td class=\"has-text-align-center\" data-align=\"center\"><span style=\"text-decoration: underline;\">Chalet Autonome de 7 couchages \u00e0 cot\u00e9 de l\u2019h\u00f4tel.<\/span><br> \u00c9quip\u00e9 d\u2019une salle de bain, toilettes s\u00e9par\u00e9es, s\u00e9jour avec cuisine \u00e9quip\u00e9e (Cafeti\u00e8re filtre, Appareil \u00e0 raclette, Appareil \u00e0 Fondu), TV, Wifi .<br><strong><span style=\"text-decoration: underline;\"> M\u00e9nage \u00e0 la Charge du client.<\/span><\/strong><\/td><\/tr><tr><td class=\"has-text-align-center\" data-align=\"center\"><span style=\"text-decoration: underline;\">Tarif vacances scolaires hivernal<\/span><br>Par nuit (pour 2 nuits minimum) : 250 \u20ac<br> &#8212; 1<sup>er<\/sup> mont\u00e9e pi\u00e9ton en t\u00e9l\u00e9cabine inclus &#8212;<br> La semaine (7 nuits): 1600 \u20ac<br> &#8212; 1<sup>er<\/sup> mont\u00e9e pi\u00e9ton en t\u00e9l\u00e9cabine inclus &#8212;<\/td><\/tr><tr><td class=\"has-text-align-center\" data-align=\"center\"><span style=\"text-decoration: underline;\">Tarif hors vacances scolaires hivernal, tarif estival<\/span><br>Par nuit (pour 2 nuits minimum) : 210 \u20ac<br> &#8212; 1<sup>er<\/sup> mont\u00e9e pi\u00e9ton en t\u00e9l\u00e9cabine inclus &#8212;<br> La semaine (7 nuits): 1300 \u20ac<br> &#8212; 1<sup>er<\/sup> mont\u00e9e pi\u00e9ton en t\u00e9l\u00e9cabine inclus &#8212;<\/td><\/tr><\/tbody><\/table><figcaption class=\"wp-element-caption\">Location de drap possible: 12 \u20ac \/ Nuit \/ Personne<\/figcaption><\/figure>\n<\/div>\n<\/div>\n","protected":false},"excerpt":{"rendered":"<p>Independent Chalet Rental Autonomous chalet of 7 beds next to the hotel.Equipped with a bathroom, separate toilet, living room with kitchen (filter coffee maker, raclette machine, melted machine), TV, Wifi .Cleaning at the expense of the customer. Winter school holiday ratePer night (for 2 nights minimum): 250 \u20ac&#8212; 1st pedestrian cable car ride included &#8212;The &hellip; <\/p>\n<p class=\"link-more\"><a href=\"https:\/\/etape.lescontamines.org\/en\/tarif-chalet\/\" class=\"more-link\">Continue reading<span class=\"screen-reader-text\"> &#8220;Chalet rate&#8221;<\/span><\/a><\/p>\n","protected":false},"author":2,"featured_media":0,"parent":0,"menu_order":0,"comment_status":"closed","ping_status":"closed","template":"","meta":{"footnotes":""},"class_list":["post-785","page","type-page","status-publish","hentry"],"yoast_head":"<!-- This site is optimized with the Yoast SEO plugin v24.6 - https:\/\/yoast.com\/wordpress\/plugins\/seo\/ -->\n<title>Tarif Chalet - L&#039;Etape chalet Hotel<\/title>\n<meta name=\"robots\" content=\"index, follow, max-snippet:-1, max-image-preview:large, max-video-preview:-1\" \/>\n<link rel=\"canonical\" href=\"https:\/\/etape.lescontamines.org\/tarif-chalet\/\" \/>\n<meta property=\"og:locale\" content=\"en_GB\" \/>\n<meta property=\"og:type\" content=\"article\" \/>\n<meta property=\"og:title\" content=\"Tarif Chalet - L&#039;Etape chalet Hotel\" \/>\n<meta property=\"og:description\" content=\"Independent Chalet Rental Autonomous chalet of 7 beds next to the hotel.Equipped with a bathroom, separate toilet, living room with kitchen (filter coffee maker, raclette machine, melted machine), TV, Wifi .Cleaning at the expense of the customer. Winter school holiday ratePer night (for 2 nights minimum): 250 \u20ac&#8212; 1st pedestrian cable car ride included &#8212;The &hellip; Continue reading &quot;Chalet rate&quot;\" \/>\n<meta property=\"og:url\" content=\"https:\/\/etape.lescontamines.org\/tarif-chalet\/\" \/>\n<meta property=\"og:site_name\" content=\"L&#039;Etape chalet Hotel\" \/>\n<meta property=\"article:publisher\" content=\"https:\/\/www.facebook.com\/ChaletEtape\/\" \/>\n<meta property=\"article:modified_time\" content=\"2025-09-10T07:22:45+00:00\" \/>\n<meta name=\"twitter:card\" content=\"summary_large_image\" \/>\n<meta name=\"twitter:label1\" content=\"Est. reading time\" \/>\n\t<meta name=\"twitter:data1\" content=\"1 minute\" \/>\n<script type=\"application\/ld+json\" class=\"yoast-schema-graph\">{\"@context\":\"https:\/\/schema.org\",\"@graph\":[{\"@type\":\"WebPage\",\"@id\":\"https:\/\/etape.lescontamines.org\/tarif-chalet\/\",\"url\":\"https:\/\/etape.lescontamines.org\/tarif-chalet\/\",\"name\":\"Tarif Chalet - L'Etape chalet Hotel\",\"isPartOf\":{\"@id\":\"https:\/\/etape.lescontamines.org\/#website\"},\"datePublished\":\"2023-12-26T13:01:13+00:00\",\"dateModified\":\"2025-09-10T07:22:45+00:00\",\"breadcrumb\":{\"@id\":\"https:\/\/etape.lescontamines.org\/tarif-chalet\/#breadcrumb\"},\"inLanguage\":\"en-GB\",\"potentialAction\":[{\"@type\":\"ReadAction\",\"target\":[\"https:\/\/etape.lescontamines.org\/tarif-chalet\/\"]}]},{\"@type\":\"BreadcrumbList\",\"@id\":\"https:\/\/etape.lescontamines.org\/tarif-chalet\/#breadcrumb\",\"itemListElement\":[{\"@type\":\"ListItem\",\"position\":1,\"name\":\"Accueil\",\"item\":\"https:\/\/etape.lescontamines.org\/\"},{\"@type\":\"ListItem\",\"position\":2,\"name\":\"Tarif Chalet\"}]},{\"@type\":\"WebSite\",\"@id\":\"https:\/\/etape.lescontamines.org\/#website\",\"url\":\"https:\/\/etape.lescontamines.org\/\",\"name\":\"L'Etape chalet Hotel\",\"description\":\"Les Contamines-Montjoie ski resort\",\"publisher\":{\"@id\":\"https:\/\/etape.lescontamines.org\/#organization\"},\"potentialAction\":[{\"@type\":\"SearchAction\",\"target\":{\"@type\":\"EntryPoint\",\"urlTemplate\":\"https:\/\/etape.lescontamines.org\/?s={search_term_string}\"},\"query-input\":{\"@type\":\"PropertyValueSpecification\",\"valueRequired\":true,\"valueName\":\"search_term_string\"}}],\"inLanguage\":\"en-GB\"},{\"@type\":\"Organization\",\"@id\":\"https:\/\/etape.lescontamines.org\/#organization\",\"name\":\"L'Etape chalet Hotel\",\"url\":\"https:\/\/etape.lescontamines.org\/\",\"logo\":{\"@type\":\"ImageObject\",\"inLanguage\":\"en-GB\",\"@id\":\"https:\/\/etape.lescontamines.org\/#\/schema\/logo\/image\/\",\"url\":\"https:\/\/etape.lescontamines.org\/wp-content\/uploads\/2020\/03\/cropped-L-Etape-logo-small.png\",\"contentUrl\":\"https:\/\/etape.lescontamines.org\/wp-content\/uploads\/2020\/03\/cropped-L-Etape-logo-small.png\",\"width\":566,\"height\":250,\"caption\":\"L'Etape chalet Hotel\"},\"image\":{\"@id\":\"https:\/\/etape.lescontamines.org\/#\/schema\/logo\/image\/\"},\"sameAs\":[\"https:\/\/www.facebook.com\/ChaletEtape\/\"]}]}<\/script>\n<!-- \/ Yoast SEO plugin. -->","yoast_head_json":{"title":"Tarif Chalet - L'Etape chalet Hotel","robots":{"index":"index","follow":"follow","max-snippet":"max-snippet:-1","max-image-preview":"max-image-preview:large","max-video-preview":"max-video-preview:-1"},"canonical":"https:\/\/etape.lescontamines.org\/tarif-chalet\/","og_locale":"en_GB","og_type":"article","og_title":"Tarif Chalet - L'Etape chalet Hotel","og_description":"Independent Chalet Rental Autonomous chalet of 7 beds next to the hotel.Equipped with a bathroom, separate toilet, living room with kitchen (filter coffee maker, raclette machine, melted machine), TV, Wifi .Cleaning at the expense of the customer. Winter school holiday ratePer night (for 2 nights minimum): 250 \u20ac&#8212; 1st pedestrian cable car ride included &#8212;The &hellip; Continue reading \"Chalet rate\"","og_url":"https:\/\/etape.lescontamines.org\/tarif-chalet\/","og_site_name":"L'Etape chalet Hotel","article_publisher":"https:\/\/www.facebook.com\/ChaletEtape\/","article_modified_time":"2025-09-10T07:22:45+00:00","twitter_card":"summary_large_image","twitter_misc":{"Est. reading time":"1 minute"},"schema":{"@context":"https:\/\/schema.org","@graph":[{"@type":"WebPage","@id":"https:\/\/etape.lescontamines.org\/tarif-chalet\/","url":"https:\/\/etape.lescontamines.org\/tarif-chalet\/","name":"Tarif Chalet - L'Etape chalet Hotel","isPartOf":{"@id":"https:\/\/etape.lescontamines.org\/#website"},"datePublished":"2023-12-26T13:01:13+00:00","dateModified":"2025-09-10T07:22:45+00:00","breadcrumb":{"@id":"https:\/\/etape.lescontamines.org\/tarif-chalet\/#breadcrumb"},"inLanguage":"en-GB","potentialAction":[{"@type":"ReadAction","target":["https:\/\/etape.lescontamines.org\/tarif-chalet\/"]}]},{"@type":"BreadcrumbList","@id":"https:\/\/etape.lescontamines.org\/tarif-chalet\/#breadcrumb","itemListElement":[{"@type":"ListItem","position":1,"name":"Accueil","item":"https:\/\/etape.lescontamines.org\/"},{"@type":"ListItem","position":2,"name":"Tarif Chalet"}]},{"@type":"WebSite","@id":"https:\/\/etape.lescontamines.org\/#website","url":"https:\/\/etape.lescontamines.org\/","name":"L'Etape chalet Hotel","description":"Les Contamines-Montjoie ski resort","publisher":{"@id":"https:\/\/etape.lescontamines.org\/#organization"},"potentialAction":[{"@type":"SearchAction","target":{"@type":"EntryPoint","urlTemplate":"https:\/\/etape.lescontamines.org\/?s={search_term_string}"},"query-input":{"@type":"PropertyValueSpecification","valueRequired":true,"valueName":"search_term_string"}}],"inLanguage":"en-GB"},{"@type":"Organization","@id":"https:\/\/etape.lescontamines.org\/#organization","name":"L'Etape chalet Hotel","url":"https:\/\/etape.lescontamines.org\/","logo":{"@type":"ImageObject","inLanguage":"en-GB","@id":"https:\/\/etape.lescontamines.org\/#\/schema\/logo\/image\/","url":"https:\/\/etape.lescontamines.org\/wp-content\/uploads\/2020\/03\/cropped-L-Etape-logo-small.png","contentUrl":"https:\/\/etape.lescontamines.org\/wp-content\/uploads\/2020\/03\/cropped-L-Etape-logo-small.png","width":566,"height":250,"caption":"L'Etape chalet Hotel"},"image":{"@id":"https:\/\/etape.lescontamines.org\/#\/schema\/logo\/image\/"},"sameAs":["https:\/\/www.facebook.com\/ChaletEtape\/"]}]}},"_links":{"self":[{"href":"https:\/\/etape.lescontamines.org\/en\/wp-json\/wp\/v2\/pages\/785","targetHints":{"allow":["GET"]}}],"collection":[{"href":"https:\/\/etape.lescontamines.org\/en\/wp-json\/wp\/v2\/pages"}],"about":[{"href":"https:\/\/etape.lescontamines.org\/en\/wp-json\/wp\/v2\/types\/page"}],"author":[{"embeddable":true,"href":"https:\/\/etape.lescontamines.org\/en\/wp-json\/wp\/v2\/users\/2"}],"replies":[{"embeddable":true,"href":"https:\/\/etape.lescontamines.org\/en\/wp-json\/wp\/v2\/comments?post=785"}],"version-history":[{"count":15,"href":"https:\/\/etape.lescontamines.org\/en\/wp-json\/wp\/v2\/pages\/785\/revisions"}],"predecessor-version":[{"id":960,"href":"https:\/\/etape.lescontamines.org\/en\/wp-json\/wp\/v2\/pages\/785\/revisions\/960"}],"wp:attachment":[{"href":"https:\/\/etape.lescontamines.org\/en\/wp-json\/wp\/v2\/media?parent=785"}],"curies":[{"name":"wp","href":"https:\/\/api.w.org\/{rel}","templated":true}]}}